{"id":66,"date":"2016-12-01T11:43:57","date_gmt":"2016-12-01T10:43:57","guid":{"rendered":"http:\/\/www.restaurant-moulin-wantzenau.com\/?page_id=66"},"modified":"2016-12-01T14:38:26","modified_gmt":"2016-12-01T13:38:26","slug":"presentation-restaurant","status":"publish","type":"page","link":"https:\/\/restauration.cloud0.sbg.meosis.fr\/restaurant-moulin-wantzenau\/presentation-restaurant.html","title":{"rendered":"Pr\u00e9sentation de votre restaurant (Bas Rhin)"},"content":{"rendered":"<p style=\"text-align: center;\"><img loading=\"lazy\" class=\"aligncenter wp-image-277 size-full\" style=\"max-width: 100%; height: auto;\" title=\"Restaurant Bas Rhin\" src=\"http:\/\/restauration.cloud0.sbg.meosis.fr\/restaurant-moulin-wantzenau\/wp-content\/uploads\/sites\/70\/2014\/08\/resto.jpg\" alt=\"Restaurant Bas Rhin\" width=\"1474\" height=\"1084\" srcset=\"https:\/\/restauration.cloud0.sbg.meosis.fr\/restaurant-moulin-wantzenau\/wp-content\/uploads\/sites\/70\/2014\/08\/resto.jpg 1474w, https:\/\/restauration.cloud0.sbg.meosis.fr\/restaurant-moulin-wantzenau\/wp-content\/uploads\/sites\/70\/2014\/08\/resto-300x221.jpg 300w, https:\/\/restauration.cloud0.sbg.meosis.fr\/restaurant-moulin-wantzenau\/wp-content\/uploads\/sites\/70\/2014\/08\/resto-768x565.jpg 768w, https:\/\/restauration.cloud0.sbg.meosis.fr\/restaurant-moulin-wantzenau\/wp-content\/uploads\/sites\/70\/2014\/08\/resto-1024x753.jpg 1024w, https:\/\/restauration.cloud0.sbg.meosis.fr\/restaurant-moulin-wantzenau\/wp-content\/uploads\/sites\/70\/2014\/08\/resto-600x441.jpg 600w\" sizes=\"(max-width: 1474px) 100vw, 1474px\" \/>Vous souhaitez d\u00e9jeuner ou d\u00eener dans un <strong>restaurant dans le Bas Rhin<\/strong> ? Au\u00a0Moulin de la Wantzenau vous accueille dans un cadre chaleureux, propice \u00e0 la d\u00e9gustation.<\/p>\n<h2 style=\"text-align: left;\">Un cadre propice \u00e0 la d\u00e9gustation<\/h2>\n<p>Cach\u00e9 en pleine campagne, \u00e0 15 mn du centre de Strasbourg, ce <em>restaurant (Bas Rhin)<\/em> vous accueille depuis pr\u00e8s de 20 ans dans un <b>ancien moulin de 1874<\/b> du mercredi au dimanche dans une des\u00a0trois salles enti\u00e8rement rajeunies, \u00e0 l&#8217;\u00e9l\u00e9gance discr\u00e8te, ouvertes sur la nature alentour.<\/p>\n<p>Disposant de 15 employ\u00e9s r\u00e9partis entre la cuisine, la plonge, le service en salle et l&#8217;entretien des ext\u00e9rieurs, le restaurant met tout en oeuvre pour vous apporter satisfaction.<\/p>\n<p>Ce restaurant gastronomique a fait de sa sp\u00e9cialit\u00e9 le poussin, une recette simple mais particuli\u00e8re qui a fait la r\u00e9putation de l&#8217;\u00e9tablissement.<\/p>\n<p>Le chef pr\u00e9pare des plats r\u00e9gionaux mais \u00e9galement des mets de sa cr\u00e9ation, plus personnels, selon son inspiration. D\u00e9couvrez d\u00e8s maintenant la <a title=\"La Carte de votre restaurant (67)\" href=\"http:\/\/www.restaurant-moulin-wantzenau.com\/la-carte.html\">carte de votre restaurant dans le 67<\/a>.<\/p>\n<p>Le rez-de-chauss\u00e9e comprend <b>trois salles<\/b>, deux petites et une grande qui donne sur l&#8217;ext\u00e9rieur.<\/p>\n<p>A l&#8217;\u00e9tage vous trouverez les salles de s\u00e9minaire et de r\u00e9union utilis\u00e9es par les professionnels mais \u00e9galement les familles qui souhaitent un endroit chaleureux pour c\u00e9l\u00e9brer ensemble.<\/p>\n<p><span style=\"line-height: 1.5em;\">Aux beaux jours c&#8217;est au jardin, sous les tilleuls s\u00e9culaires, que vous go\u00fbterez au calme et aux charmes du lieu gr\u00e2ce \u00e0 sa capacit\u00e9 d&#8217;accueil de 60 couverts.<\/span><\/p>\n<p>Le restaurant dispose de 125 couverts au total.<\/p>\n<h2>Restaurant (Bas Rhin) : Des mets et des vins haute gamme<\/h2>\n<p>L&#8217;atout de ce restaurant dans le Bas Rhin ? Sa carte des vins impressionnante comptabilisant pas moins de <b>350 vins diff\u00e9rents<\/b> originaires de toute la France.<\/p>\n<p>Si les vins doivent vieillir parfois, les produits frais doivent \u00eatre frais.<\/p>\n<p>Salades, choux, tomates, courgettes, quetsches et autres basilics, ciboulette et menthe n&#8217;ont que quelques m\u00e8tres \u00e0 parcourir jusqu&#8217;\u00e0 votre assiette, tout comme la m\u00e9diatique st\u00e9via rebaudiana, \u00e0 la saveur sucr\u00e9e \u00e9tonnante.<\/p>\n<p>Nous cuisinons les l\u00e9gumes et fruits de notre potager afin de vous garantir des plats frais au go\u00fbt pr\u00e9serv\u00e9.<\/p>\n<p>Vous souhaitez faire appel \u00e0 un <a title=\"Traiteur Bas Rhin\" href=\"http:\/\/www.restaurant-moulin-wantzenau.fr\/traiteur.html\">traiteur (Bas Rhin) pour vos divers \u00e9v\u00e9nements<\/a> ? Nous pouvons vous proposer des id\u00e9es de menu selon vos envies, besoins et budget.<\/p>\n<div align=\"center\"><iframe loading=\"lazy\" src=\"\/\/www.youtube.com\/embed\/zYLGRGjYsJ8?rel=0\" width=\"480\" height=\"360\" frameborder=\"0\" allowfullscreen=\"allowfullscreen\"><\/iframe><\/div>\n","protected":false},"excerpt":{"rendered":"<p>Vous souhaitez d\u00e9jeuner ou d\u00eener dans un restaurant dans le Bas Rhin ? Au\u00a0Moulin de la Wantzenau vous accueille dans un cadre chaleureux, propice \u00e0 la d\u00e9gustation. Un cadre propice&#8230; <a class=\"btn-read-more\" href=\"https:\/\/restauration.cloud0.sbg.meosis.fr\/restaurant-moulin-wantzenau\/presentation-restaurant.html\" title=\"Lire Pr\u00e9sentation de votre restaurant (Bas Rhin)\">> Lire la suite&#8230;<\/a><\/p>\n","protected":false},"author":1,"featured_media":0,"parent":0,"menu_order":0,"comment_status":"open","ping_status":"open","template":"","meta":[],"yoast_head":"<!-- This site is optimized with the Yoast SEO plugin v20.6 - https:\/\/yoast.com\/wordpress\/plugins\/seo\/ -->\n<title>Restaurant Bas Rhin : Pr\u00e9sentation d&#039;Au Moulin de La Wantzenau<\/title>\n<meta name=\"description\" content=\"Ce restaurant (Bas Rhin) situ\u00e9 \u00e0 La Wantzenau est id\u00e9al pour d\u00e9couvrir la gastronomie alsacienne et des produits pr\u00e9par\u00e9s avec soin.\" \/>\n<meta name=\"robots\" content=\"index, follow, max-snippet:-1, max-image-preview:large, max-video-preview:-1\" \/>\n<link rel=\"canonical\" href=\"https:\/\/restauration.cloud0.sbg.meosis.fr\/restaurant-moulin-wantzenau\/presentation-restaurant.html\" \/>\n<meta property=\"og:locale\" content=\"fr_FR\" \/>\n<meta property=\"og:type\" content=\"article\" \/>\n<meta property=\"og:title\" content=\"Restaurant Bas Rhin : Pr\u00e9sentation d&#039;Au Moulin de La Wantzenau\" \/>\n<meta property=\"og:description\" content=\"Ce restaurant (Bas Rhin) situ\u00e9 \u00e0 La Wantzenau est id\u00e9al pour d\u00e9couvrir la gastronomie alsacienne et des produits pr\u00e9par\u00e9s avec soin.\" \/>\n<meta property=\"og:url\" content=\"https:\/\/restauration.cloud0.sbg.meosis.fr\/restaurant-moulin-wantzenau\/presentation-restaurant.html\" \/>\n<meta property=\"og:site_name\" content=\"Restaurant Au Moulin\" \/>\n<meta property=\"article:modified_time\" content=\"2016-12-01T13:38:26+00:00\" \/>\n<meta property=\"og:image\" content=\"http:\/\/restauration.cloud0.sbg.meosis.fr\/restaurant-moulin-wantzenau\/wp-content\/uploads\/sites\/70\/2014\/08\/resto.jpg\" \/>\n<meta name=\"twitter:card\" content=\"summary_large_image\" \/>\n<meta name=\"twitter:label1\" content=\"Dur\u00e9e de lecture estim\u00e9e\" \/>\n\t<meta name=\"twitter:data1\" content=\"5 minutes\" \/>\n<script type=\"application\/ld+json\" class=\"yoast-schema-graph\">{\"@context\":\"https:\/\/schema.org\",\"@graph\":[{\"@type\":\"WebPage\",\"@id\":\"https:\/\/restauration.cloud0.sbg.meosis.fr\/restaurant-moulin-wantzenau\/presentation-restaurant.html\",\"url\":\"https:\/\/restauration.cloud0.sbg.meosis.fr\/restaurant-moulin-wantzenau\/presentation-restaurant.html\",\"name\":\"Restaurant Bas Rhin : Pr\u00e9sentation d'Au Moulin de La Wantzenau\",\"isPartOf\":{\"@id\":\"https:\/\/restauration.cloud0.sbg.meosis.fr\/restaurant-moulin-wantzenau\/#website\"},\"datePublished\":\"2016-12-01T10:43:57+00:00\",\"dateModified\":\"2016-12-01T13:38:26+00:00\",\"description\":\"Ce restaurant (Bas Rhin) situ\u00e9 \u00e0 La Wantzenau est id\u00e9al pour d\u00e9couvrir la gastronomie alsacienne et des produits pr\u00e9par\u00e9s avec soin.\",\"breadcrumb\":{\"@id\":\"https:\/\/restauration.cloud0.sbg.meosis.fr\/restaurant-moulin-wantzenau\/presentation-restaurant.html#breadcrumb\"},\"inLanguage\":\"fr-FR\",\"potentialAction\":[{\"@type\":\"ReadAction\",\"target\":[\"https:\/\/restauration.cloud0.sbg.meosis.fr\/restaurant-moulin-wantzenau\/presentation-restaurant.html\"]}]},{\"@type\":\"BreadcrumbList\",\"@id\":\"https:\/\/restauration.cloud0.sbg.meosis.fr\/restaurant-moulin-wantzenau\/presentation-restaurant.html#breadcrumb\",\"itemListElement\":[{\"@type\":\"ListItem\",\"position\":1,\"name\":\"Hotel Restaurant La Wantzenau\",\"item\":\"https:\/\/restauration.cloud0.sbg.meosis.fr\/restaurant-moulin-wantzenau\/\"},{\"@type\":\"ListItem\",\"position\":2,\"name\":\"Pr\u00e9sentation de votre restaurant (Bas Rhin)\"}]},{\"@type\":\"WebSite\",\"@id\":\"https:\/\/restauration.cloud0.sbg.meosis.fr\/restaurant-moulin-wantzenau\/#website\",\"url\":\"https:\/\/restauration.cloud0.sbg.meosis.fr\/restaurant-moulin-wantzenau\/\",\"name\":\"Restaurant Au Moulin\",\"description\":\"Un site utilisant R\u00e9seau MeoRestauration\",\"potentialAction\":[{\"@type\":\"SearchAction\",\"target\":{\"@type\":\"EntryPoint\",\"urlTemplate\":\"https:\/\/restauration.cloud0.sbg.meosis.fr\/restaurant-moulin-wantzenau\/?s={search_term_string}\"},\"query-input\":\"required name=search_term_string\"}],\"inLanguage\":\"fr-FR\"}]}<\/script>\n<!-- \/ Yoast SEO plugin. -->","yoast_head_json":{"title":"Restaurant Bas Rhin : Pr\u00e9sentation d'Au Moulin de La Wantzenau","description":"Ce restaurant (Bas Rhin) situ\u00e9 \u00e0 La Wantzenau est id\u00e9al pour d\u00e9couvrir la gastronomie alsacienne et des produits pr\u00e9par\u00e9s avec soin.","robots":{"index":"index","follow":"follow","max-snippet":"max-snippet:-1","max-image-preview":"max-image-preview:large","max-video-preview":"max-video-preview:-1"},"canonical":"https:\/\/restauration.cloud0.sbg.meosis.fr\/restaurant-moulin-wantzenau\/presentation-restaurant.html","og_locale":"fr_FR","og_type":"article","og_title":"Restaurant Bas Rhin : Pr\u00e9sentation d'Au Moulin de La Wantzenau","og_description":"Ce restaurant (Bas Rhin) situ\u00e9 \u00e0 La Wantzenau est id\u00e9al pour d\u00e9couvrir la gastronomie alsacienne et des produits pr\u00e9par\u00e9s avec soin.","og_url":"https:\/\/restauration.cloud0.sbg.meosis.fr\/restaurant-moulin-wantzenau\/presentation-restaurant.html","og_site_name":"Restaurant Au Moulin","article_modified_time":"2016-12-01T13:38:26+00:00","og_image":[{"url":"http:\/\/restauration.cloud0.sbg.meosis.fr\/restaurant-moulin-wantzenau\/wp-content\/uploads\/sites\/70\/2014\/08\/resto.jpg"}],"twitter_card":"summary_large_image","twitter_misc":{"Dur\u00e9e de lecture estim\u00e9e":"5 minutes"},"schema":{"@context":"https:\/\/schema.org","@graph":[{"@type":"WebPage","@id":"https:\/\/restauration.cloud0.sbg.meosis.fr\/restaurant-moulin-wantzenau\/presentation-restaurant.html","url":"https:\/\/restauration.cloud0.sbg.meosis.fr\/restaurant-moulin-wantzenau\/presentation-restaurant.html","name":"Restaurant Bas Rhin : Pr\u00e9sentation d'Au Moulin de La Wantzenau","isPartOf":{"@id":"https:\/\/restauration.cloud0.sbg.meosis.fr\/restaurant-moulin-wantzenau\/#website"},"datePublished":"2016-12-01T10:43:57+00:00","dateModified":"2016-12-01T13:38:26+00:00","description":"Ce restaurant (Bas Rhin) situ\u00e9 \u00e0 La Wantzenau est id\u00e9al pour d\u00e9couvrir la gastronomie alsacienne et des produits pr\u00e9par\u00e9s avec soin.","breadcrumb":{"@id":"https:\/\/restauration.cloud0.sbg.meosis.fr\/restaurant-moulin-wantzenau\/presentation-restaurant.html#breadcrumb"},"inLanguage":"fr-FR","potentialAction":[{"@type":"ReadAction","target":["https:\/\/restauration.cloud0.sbg.meosis.fr\/restaurant-moulin-wantzenau\/presentation-restaurant.html"]}]},{"@type":"BreadcrumbList","@id":"https:\/\/restauration.cloud0.sbg.meosis.fr\/restaurant-moulin-wantzenau\/presentation-restaurant.html#breadcrumb","itemListElement":[{"@type":"ListItem","position":1,"name":"Hotel Restaurant La Wantzenau","item":"https:\/\/restauration.cloud0.sbg.meosis.fr\/restaurant-moulin-wantzenau\/"},{"@type":"ListItem","position":2,"name":"Pr\u00e9sentation de votre restaurant (Bas Rhin)"}]},{"@type":"WebSite","@id":"https:\/\/restauration.cloud0.sbg.meosis.fr\/restaurant-moulin-wantzenau\/#website","url":"https:\/\/restauration.cloud0.sbg.meosis.fr\/restaurant-moulin-wantzenau\/","name":"Restaurant Au Moulin","description":"Un site utilisant R\u00e9seau MeoRestauration","potentialAction":[{"@type":"SearchAction","target":{"@type":"EntryPoint","urlTemplate":"https:\/\/restauration.cloud0.sbg.meosis.fr\/restaurant-moulin-wantzenau\/?s={search_term_string}"},"query-input":"required name=search_term_string"}],"inLanguage":"fr-FR"}]}},"acf":[],"_links":{"self":[{"href":"https:\/\/restauration.cloud0.sbg.meosis.fr\/restaurant-moulin-wantzenau\/wp-json\/wp\/v2\/pages\/66"}],"collection":[{"href":"https:\/\/restauration.cloud0.sbg.meosis.fr\/restaurant-moulin-wantzenau\/wp-json\/wp\/v2\/pages"}],"about":[{"href":"https:\/\/restauration.cloud0.sbg.meosis.fr\/restaurant-moulin-wantzenau\/wp-json\/wp\/v2\/types\/page"}],"author":[{"embeddable":true,"href":"https:\/\/restauration.cloud0.sbg.meosis.fr\/restaurant-moulin-wantzenau\/wp-json\/wp\/v2\/users\/1"}],"replies":[{"embeddable":true,"href":"https:\/\/restauration.cloud0.sbg.meosis.fr\/restaurant-moulin-wantzenau\/wp-json\/wp\/v2\/comments?post=66"}],"version-history":[{"count":0,"href":"https:\/\/restauration.cloud0.sbg.meosis.fr\/restaurant-moulin-wantzenau\/wp-json\/wp\/v2\/pages\/66\/revisions"}],"wp:attachment":[{"href":"https:\/\/restauration.cloud0.sbg.meosis.fr\/restaurant-moulin-wantzenau\/wp-json\/wp\/v2\/media?parent=66"}],"curies":[{"name":"wp","href":"https:\/\/api.w.org\/{rel}","templated":true}]}}