{"id":338,"date":"2016-09-21T08:06:06","date_gmt":"2016-09-21T07:06:06","guid":{"rendered":"http:\/\/www.restaurant-moulin-wantzenau.fr\/?page_id=338"},"modified":"2022-12-06T15:37:27","modified_gmt":"2022-12-06T14:37:27","slug":"les-evenements","status":"publish","type":"page","link":"https:\/\/restauration.cloud0.sbg.meosis.fr\/restaurant-moulin-wantzenau\/les-evenements.html","title":{"rendered":"Les \u00e9v\u00e9nements"},"content":{"rendered":"<p>Le Menu de No\u00ebl 2022<\/p>\n<p>La salade de M\u00e2che, Sot-l\u2019y-laisse, chips de Topinambour et Truffes noires<br \/>\n\tOU<br \/>\n\t\tLe Foie gras de Canard au Safran, Dattes et poivre <\/p>\n<p>La pur\u00e9e de Pommes de terre fum\u00e9e, cr\u00e8me de Truffes du P\u00e9rigord<br \/>\n\tOU<br \/>\n\t\tLe filet de Barbue vapeur, Bouillon Tha\u00ef au lait de coco<\/p>\n<p>Le filet de B\u0153uf Angus Aberdeen en pot-au feu truff\u00e9<br \/>\n\tOU<br \/>\n\t\tLe gratin de Lotte et Homard au Curry<\/p>\n<p>B\u00fbche Marron, Bergamote et Chocolat<\/p>\n<p>Le Menu est \u00e0 74 \u20ac hors boissons<br \/>\n\u00e0 98 \u20ac tout compris ( sauf ap\u00e9ritif )<\/p>\n","protected":false},"excerpt":{"rendered":"<p>Le Menu de No\u00ebl 2022 La salade de M\u00e2che, Sot-l\u2019y-laisse, chips de Topinambour et Truffes noires OU Le Foie gras de Canard au Safran, Dattes et poivre La pur\u00e9e de&#8230; <a class=\"btn-read-more\" href=\"https:\/\/restauration.cloud0.sbg.meosis.fr\/restaurant-moulin-wantzenau\/les-evenements.html\" title=\"Lire Les \u00e9v\u00e9nements\">> Lire la suite&#8230;<\/a><\/p>\n","protected":false},"author":1,"featured_media":0,"parent":0,"menu_order":0,"comment_status":"closed","ping_status":"closed","template":"","meta":[],"yoast_head":"<!-- This site is optimized with the Yoast SEO plugin v20.6 - https:\/\/yoast.com\/wordpress\/plugins\/seo\/ -->\n<title>Les \u00e9v\u00e9nements \u203a Restaurant Au Moulin de la Wantzenau<\/title>\n<meta name=\"description\" content=\"Menu Saint Valentin \u00e0 74 \u20ac Cocktail Veuve Clicquot Rich aux Cranberries Chou de Foie gras Maki canard et mangue Tartare de Tourteau, Avocat et Pomelos\" \/>\n<meta name=\"robots\" content=\"index, follow, max-snippet:-1, max-image-preview:large, max-video-preview:-1\" \/>\n<link rel=\"canonical\" href=\"https:\/\/restauration.cloud0.sbg.meosis.fr\/restaurant-moulin-wantzenau\/les-evenements.html\" \/>\n<meta property=\"og:locale\" content=\"fr_FR\" \/>\n<meta property=\"og:type\" content=\"article\" \/>\n<meta property=\"og:title\" content=\"Les \u00e9v\u00e9nements \u203a Restaurant Au Moulin de la Wantzenau\" \/>\n<meta property=\"og:description\" content=\"Menu Saint Valentin \u00e0 74 \u20ac Cocktail Veuve Clicquot Rich aux Cranberries Chou de Foie gras Maki canard et mangue Tartare de Tourteau, Avocat et Pomelos\" \/>\n<meta property=\"og:url\" content=\"https:\/\/restauration.cloud0.sbg.meosis.fr\/restaurant-moulin-wantzenau\/les-evenements.html\" \/>\n<meta property=\"og:site_name\" content=\"Restaurant Au Moulin\" \/>\n<meta property=\"article:modified_time\" content=\"2022-12-06T14:37:27+00:00\" \/>\n<meta property=\"og:image\" content=\"http:\/\/restauration.cloud0.sbg.meosis.fr\/restaurant-moulin-wantzenau\/wp-content\/uploads\/sites\/70\/2014\/08\/pkpa-300x113.png\" \/>\n<meta name=\"twitter:card\" content=\"summary_large_image\" \/>\n<meta name=\"twitter:label1\" content=\"Dur\u00e9e de lecture estim\u00e9e\" \/>\n\t<meta name=\"twitter:data1\" content=\"2 minutes\" \/>\n<script type=\"application\/ld+json\" class=\"yoast-schema-graph\">{\"@context\":\"https:\/\/schema.org\",\"@graph\":[{\"@type\":\"WebPage\",\"@id\":\"https:\/\/restauration.cloud0.sbg.meosis.fr\/restaurant-moulin-wantzenau\/les-evenements.html\",\"url\":\"https:\/\/restauration.cloud0.sbg.meosis.fr\/restaurant-moulin-wantzenau\/les-evenements.html\",\"name\":\"Les \u00e9v\u00e9nements \u203a Restaurant Au Moulin de la Wantzenau\",\"isPartOf\":{\"@id\":\"https:\/\/restauration.cloud0.sbg.meosis.fr\/restaurant-moulin-wantzenau\/#website\"},\"datePublished\":\"2016-09-21T07:06:06+00:00\",\"dateModified\":\"2022-12-06T14:37:27+00:00\",\"description\":\"Menu Saint Valentin \u00e0 74 \u20ac Cocktail Veuve Clicquot Rich aux Cranberries Chou de Foie gras Maki canard et mangue Tartare de Tourteau, Avocat et Pomelos\",\"breadcrumb\":{\"@id\":\"https:\/\/restauration.cloud0.sbg.meosis.fr\/restaurant-moulin-wantzenau\/les-evenements.html#breadcrumb\"},\"inLanguage\":\"fr-FR\",\"potentialAction\":[{\"@type\":\"ReadAction\",\"target\":[\"https:\/\/restauration.cloud0.sbg.meosis.fr\/restaurant-moulin-wantzenau\/les-evenements.html\"]}]},{\"@type\":\"BreadcrumbList\",\"@id\":\"https:\/\/restauration.cloud0.sbg.meosis.fr\/restaurant-moulin-wantzenau\/les-evenements.html#breadcrumb\",\"itemListElement\":[{\"@type\":\"ListItem\",\"position\":1,\"name\":\"Hotel Restaurant La Wantzenau\",\"item\":\"https:\/\/restauration.cloud0.sbg.meosis.fr\/restaurant-moulin-wantzenau\/\"},{\"@type\":\"ListItem\",\"position\":2,\"name\":\"Les \u00e9v\u00e9nements\"}]},{\"@type\":\"WebSite\",\"@id\":\"https:\/\/restauration.cloud0.sbg.meosis.fr\/restaurant-moulin-wantzenau\/#website\",\"url\":\"https:\/\/restauration.cloud0.sbg.meosis.fr\/restaurant-moulin-wantzenau\/\",\"name\":\"Restaurant Au Moulin\",\"description\":\"Un site utilisant R\u00e9seau MeoRestauration\",\"potentialAction\":[{\"@type\":\"SearchAction\",\"target\":{\"@type\":\"EntryPoint\",\"urlTemplate\":\"https:\/\/restauration.cloud0.sbg.meosis.fr\/restaurant-moulin-wantzenau\/?s={search_term_string}\"},\"query-input\":\"required name=search_term_string\"}],\"inLanguage\":\"fr-FR\"}]}<\/script>\n<!-- \/ Yoast SEO plugin. -->","yoast_head_json":{"title":"Les \u00e9v\u00e9nements \u203a Restaurant Au Moulin de la Wantzenau","description":"Menu Saint Valentin \u00e0 74 \u20ac Cocktail Veuve Clicquot Rich aux Cranberries Chou de Foie gras Maki canard et mangue Tartare de Tourteau, Avocat et Pomelos","robots":{"index":"index","follow":"follow","max-snippet":"max-snippet:-1","max-image-preview":"max-image-preview:large","max-video-preview":"max-video-preview:-1"},"canonical":"https:\/\/restauration.cloud0.sbg.meosis.fr\/restaurant-moulin-wantzenau\/les-evenements.html","og_locale":"fr_FR","og_type":"article","og_title":"Les \u00e9v\u00e9nements \u203a Restaurant Au Moulin de la Wantzenau","og_description":"Menu Saint Valentin \u00e0 74 \u20ac Cocktail Veuve Clicquot Rich aux Cranberries Chou de Foie gras Maki canard et mangue Tartare de Tourteau, Avocat et Pomelos","og_url":"https:\/\/restauration.cloud0.sbg.meosis.fr\/restaurant-moulin-wantzenau\/les-evenements.html","og_site_name":"Restaurant Au Moulin","article_modified_time":"2022-12-06T14:37:27+00:00","og_image":[{"url":"http:\/\/restauration.cloud0.sbg.meosis.fr\/restaurant-moulin-wantzenau\/wp-content\/uploads\/sites\/70\/2014\/08\/pkpa-300x113.png"}],"twitter_card":"summary_large_image","twitter_misc":{"Dur\u00e9e de lecture estim\u00e9e":"2 minutes"},"schema":{"@context":"https:\/\/schema.org","@graph":[{"@type":"WebPage","@id":"https:\/\/restauration.cloud0.sbg.meosis.fr\/restaurant-moulin-wantzenau\/les-evenements.html","url":"https:\/\/restauration.cloud0.sbg.meosis.fr\/restaurant-moulin-wantzenau\/les-evenements.html","name":"Les \u00e9v\u00e9nements \u203a Restaurant Au Moulin de la Wantzenau","isPartOf":{"@id":"https:\/\/restauration.cloud0.sbg.meosis.fr\/restaurant-moulin-wantzenau\/#website"},"datePublished":"2016-09-21T07:06:06+00:00","dateModified":"2022-12-06T14:37:27+00:00","description":"Menu Saint Valentin \u00e0 74 \u20ac Cocktail Veuve Clicquot Rich aux Cranberries Chou de Foie gras Maki canard et mangue Tartare de Tourteau, Avocat et Pomelos","breadcrumb":{"@id":"https:\/\/restauration.cloud0.sbg.meosis.fr\/restaurant-moulin-wantzenau\/les-evenements.html#breadcrumb"},"inLanguage":"fr-FR","potentialAction":[{"@type":"ReadAction","target":["https:\/\/restauration.cloud0.sbg.meosis.fr\/restaurant-moulin-wantzenau\/les-evenements.html"]}]},{"@type":"BreadcrumbList","@id":"https:\/\/restauration.cloud0.sbg.meosis.fr\/restaurant-moulin-wantzenau\/les-evenements.html#breadcrumb","itemListElement":[{"@type":"ListItem","position":1,"name":"Hotel Restaurant La Wantzenau","item":"https:\/\/restauration.cloud0.sbg.meosis.fr\/restaurant-moulin-wantzenau\/"},{"@type":"ListItem","position":2,"name":"Les \u00e9v\u00e9nements"}]},{"@type":"WebSite","@id":"https:\/\/restauration.cloud0.sbg.meosis.fr\/restaurant-moulin-wantzenau\/#website","url":"https:\/\/restauration.cloud0.sbg.meosis.fr\/restaurant-moulin-wantzenau\/","name":"Restaurant Au Moulin","description":"Un site utilisant R\u00e9seau MeoRestauration","potentialAction":[{"@type":"SearchAction","target":{"@type":"EntryPoint","urlTemplate":"https:\/\/restauration.cloud0.sbg.meosis.fr\/restaurant-moulin-wantzenau\/?s={search_term_string}"},"query-input":"required name=search_term_string"}],"inLanguage":"fr-FR"}]}},"acf":[],"_links":{"self":[{"href":"https:\/\/restauration.cloud0.sbg.meosis.fr\/restaurant-moulin-wantzenau\/wp-json\/wp\/v2\/pages\/338"}],"collection":[{"href":"https:\/\/restauration.cloud0.sbg.meosis.fr\/restaurant-moulin-wantzenau\/wp-json\/wp\/v2\/pages"}],"about":[{"href":"https:\/\/restauration.cloud0.sbg.meosis.fr\/restaurant-moulin-wantzenau\/wp-json\/wp\/v2\/types\/page"}],"author":[{"embeddable":true,"href":"https:\/\/restauration.cloud0.sbg.meosis.fr\/restaurant-moulin-wantzenau\/wp-json\/wp\/v2\/users\/1"}],"replies":[{"embeddable":true,"href":"https:\/\/restauration.cloud0.sbg.meosis.fr\/restaurant-moulin-wantzenau\/wp-json\/wp\/v2\/comments?post=338"}],"version-history":[{"count":1,"href":"https:\/\/restauration.cloud0.sbg.meosis.fr\/restaurant-moulin-wantzenau\/wp-json\/wp\/v2\/pages\/338\/revisions"}],"predecessor-version":[{"id":1471,"href":"https:\/\/restauration.cloud0.sbg.meosis.fr\/restaurant-moulin-wantzenau\/wp-json\/wp\/v2\/pages\/338\/revisions\/1471"}],"wp:attachment":[{"href":"https:\/\/restauration.cloud0.sbg.meosis.fr\/restaurant-moulin-wantzenau\/wp-json\/wp\/v2\/media?parent=338"}],"curies":[{"name":"wp","href":"https:\/\/api.w.org\/{rel}","templated":true}]}}