{"id":2,"date":"2014-08-18T12:42:26","date_gmt":"2014-08-18T12:42:26","guid":{"rendered":"http:\/\/restauration.cloud0.sbg.meosis.fr\/restaurant-moulin-wantzenau\/?page_id=2"},"modified":"2014-09-10T10:13:32","modified_gmt":"2014-09-10T09:13:32","slug":"page-d-exemple","status":"publish","type":"page","link":"https:\/\/restauration.cloud0.sbg.meosis.fr\/restaurant-moulin-wantzenau\/","title":{"rendered":"Accueil"},"content":{"rendered":"<p><b>Texte d&#8217;exemple &#8211; votre texte ici : <\/b>Pendant les quelques instants qu&#8217;il venait d&#8217;entrevoir Phileas Fogg, Passepartout avait rapidement, mais soigneusement examin\u00e9 son futur ma\u00eetre. C&#8217;\u00e9tait un homme qui pouvait avoir quarante ans, de figure noble et belle, haut de taille, que ne d\u00e9parait pas un l\u00e9ger embonpoint, blond de cheveux et de favoris, front uni sans apparences de rides aux tempes, figure plut\u00f4t p\u00e2le que color\u00e9e, dents magnifiques. <em>Il paraissait poss\u00e9der au plus haut degr\u00e9 ce que les physionomistes appellent \u00ab le repos dans l&#8217;action \u00bb, facult\u00e9 commune \u00e0 tous ceux qui font plus de besogne que de bruit.\u00a0<\/em><\/p>\n","protected":false},"excerpt":{"rendered":"<p>Texte d&#8217;exemple &#8211; votre texte ici : Pendant les quelques instants qu&#8217;il venait d&#8217;entrevoir Phileas Fogg, Passepartout avait rapidement, mais soigneusement examin\u00e9 son futur ma\u00eetre. C&#8217;\u00e9tait un homme qui pouvait&#8230; <a class=\"btn-read-more\" href=\"https:\/\/restauration.cloud0.sbg.meosis.fr\/restaurant-moulin-wantzenau\/\" title=\"Lire Accueil\">> Lire la suite&#8230;<\/a><\/p>\n","protected":false},"author":11,"featured_media":0,"parent":0,"menu_order":0,"comment_status":"open","ping_status":"open","template":"","meta":[],"yoast_head":"<!-- This site is optimized with the Yoast SEO plugin v20.6 - https:\/\/yoast.com\/wordpress\/plugins\/seo\/ -->\n<title>Hotel Restaurant La Wantzenau \u203a Au Moulin de La Wantzenau<\/title>\n<meta name=\"description\" content=\"Au Moulin de La Wantzenau est un hotel restaurant \u00e0 La Wantzenau en Alsace. Il propose des services de qualit\u00e9 aux particuliers comme aux professionnels.\" \/>\n<meta name=\"robots\" content=\"index, follow, max-snippet:-1, max-image-preview:large, max-video-preview:-1\" \/>\n<link rel=\"canonical\" href=\"https:\/\/restauration.cloud0.sbg.meosis.fr\/restaurant-moulin-wantzenau\/\" \/>\n<meta property=\"og:locale\" content=\"fr_FR\" \/>\n<meta property=\"og:type\" content=\"article\" \/>\n<meta property=\"og:title\" content=\"Hotel Restaurant La Wantzenau \u203a Au Moulin de La Wantzenau\" \/>\n<meta property=\"og:description\" content=\"Au Moulin de La Wantzenau est un hotel restaurant \u00e0 La Wantzenau en Alsace. Il propose des services de qualit\u00e9 aux particuliers comme aux professionnels.\" \/>\n<meta property=\"og:url\" content=\"https:\/\/restauration.cloud0.sbg.meosis.fr\/restaurant-moulin-wantzenau\/\" \/>\n<meta property=\"og:site_name\" content=\"Restaurant Au Moulin\" \/>\n<meta property=\"article:modified_time\" content=\"2014-09-10T09:13:32+00:00\" \/>\n<meta property=\"og:image\" content=\"https:\/\/trello-attachments.s3.amazonaws.com\/51ad91a3572d3c620c00129f\/53c6370dc4e6957ce04c70f3\/250x250\/5cd9a9c407ca808150f2880018f5ec37\/avatar.jpg\" \/>\n<meta name=\"twitter:card\" content=\"summary_large_image\" \/>\n<meta name=\"twitter:label1\" content=\"Dur\u00e9e de lecture estim\u00e9e\" \/>\n\t<meta name=\"twitter:data1\" content=\"1 minute\" \/>\n<script type=\"application\/ld+json\" class=\"yoast-schema-graph\">{\"@context\":\"https:\/\/schema.org\",\"@graph\":[{\"@type\":\"WebPage\",\"@id\":\"https:\/\/restauration.cloud0.sbg.meosis.fr\/restaurant-moulin-wantzenau\/\",\"url\":\"https:\/\/restauration.cloud0.sbg.meosis.fr\/restaurant-moulin-wantzenau\/\",\"name\":\"Hotel Restaurant La Wantzenau \u203a Au Moulin de La Wantzenau\",\"isPartOf\":{\"@id\":\"https:\/\/restauration.cloud0.sbg.meosis.fr\/restaurant-moulin-wantzenau\/#website\"},\"datePublished\":\"2014-08-18T12:42:26+00:00\",\"dateModified\":\"2014-09-10T09:13:32+00:00\",\"description\":\"Au Moulin de La Wantzenau est un hotel restaurant \u00e0 La Wantzenau en Alsace. Il propose des services de qualit\u00e9 aux particuliers comme aux professionnels.\",\"breadcrumb\":{\"@id\":\"https:\/\/restauration.cloud0.sbg.meosis.fr\/restaurant-moulin-wantzenau\/#breadcrumb\"},\"inLanguage\":\"fr-FR\",\"potentialAction\":[{\"@type\":\"ReadAction\",\"target\":[\"https:\/\/restauration.cloud0.sbg.meosis.fr\/restaurant-moulin-wantzenau\/\"]}]},{\"@type\":\"BreadcrumbList\",\"@id\":\"https:\/\/restauration.cloud0.sbg.meosis.fr\/restaurant-moulin-wantzenau\/#breadcrumb\",\"itemListElement\":[{\"@type\":\"ListItem\",\"position\":1,\"name\":\"Hotel Restaurant La Wantzenau\",\"item\":\"https:\/\/restauration.cloud0.sbg.meosis.fr\/restaurant-moulin-wantzenau\/\"},{\"@type\":\"ListItem\",\"position\":2,\"name\":\"Accueil\"}]},{\"@type\":\"WebSite\",\"@id\":\"https:\/\/restauration.cloud0.sbg.meosis.fr\/restaurant-moulin-wantzenau\/#website\",\"url\":\"https:\/\/restauration.cloud0.sbg.meosis.fr\/restaurant-moulin-wantzenau\/\",\"name\":\"Restaurant Au Moulin\",\"description\":\"Un site utilisant R\u00e9seau MeoRestauration\",\"potentialAction\":[{\"@type\":\"SearchAction\",\"target\":{\"@type\":\"EntryPoint\",\"urlTemplate\":\"https:\/\/restauration.cloud0.sbg.meosis.fr\/restaurant-moulin-wantzenau\/?s={search_term_string}\"},\"query-input\":\"required name=search_term_string\"}],\"inLanguage\":\"fr-FR\"}]}<\/script>\n<!-- \/ Yoast SEO plugin. -->","yoast_head_json":{"title":"Hotel Restaurant La Wantzenau \u203a Au Moulin de La Wantzenau","description":"Au Moulin de La Wantzenau est un hotel restaurant \u00e0 La Wantzenau en Alsace. Il propose des services de qualit\u00e9 aux particuliers comme aux professionnels.","robots":{"index":"index","follow":"follow","max-snippet":"max-snippet:-1","max-image-preview":"max-image-preview:large","max-video-preview":"max-video-preview:-1"},"canonical":"https:\/\/restauration.cloud0.sbg.meosis.fr\/restaurant-moulin-wantzenau\/","og_locale":"fr_FR","og_type":"article","og_title":"Hotel Restaurant La Wantzenau \u203a Au Moulin de La Wantzenau","og_description":"Au Moulin de La Wantzenau est un hotel restaurant \u00e0 La Wantzenau en Alsace. Il propose des services de qualit\u00e9 aux particuliers comme aux professionnels.","og_url":"https:\/\/restauration.cloud0.sbg.meosis.fr\/restaurant-moulin-wantzenau\/","og_site_name":"Restaurant Au Moulin","article_modified_time":"2014-09-10T09:13:32+00:00","og_image":[{"url":"https:\/\/trello-attachments.s3.amazonaws.com\/51ad91a3572d3c620c00129f\/53c6370dc4e6957ce04c70f3\/250x250\/5cd9a9c407ca808150f2880018f5ec37\/avatar.jpg"}],"twitter_card":"summary_large_image","twitter_misc":{"Dur\u00e9e de lecture estim\u00e9e":"1 minute"},"schema":{"@context":"https:\/\/schema.org","@graph":[{"@type":"WebPage","@id":"https:\/\/restauration.cloud0.sbg.meosis.fr\/restaurant-moulin-wantzenau\/","url":"https:\/\/restauration.cloud0.sbg.meosis.fr\/restaurant-moulin-wantzenau\/","name":"Hotel Restaurant La Wantzenau \u203a Au Moulin de La Wantzenau","isPartOf":{"@id":"https:\/\/restauration.cloud0.sbg.meosis.fr\/restaurant-moulin-wantzenau\/#website"},"datePublished":"2014-08-18T12:42:26+00:00","dateModified":"2014-09-10T09:13:32+00:00","description":"Au Moulin de La Wantzenau est un hotel restaurant \u00e0 La Wantzenau en Alsace. Il propose des services de qualit\u00e9 aux particuliers comme aux professionnels.","breadcrumb":{"@id":"https:\/\/restauration.cloud0.sbg.meosis.fr\/restaurant-moulin-wantzenau\/#breadcrumb"},"inLanguage":"fr-FR","potentialAction":[{"@type":"ReadAction","target":["https:\/\/restauration.cloud0.sbg.meosis.fr\/restaurant-moulin-wantzenau\/"]}]},{"@type":"BreadcrumbList","@id":"https:\/\/restauration.cloud0.sbg.meosis.fr\/restaurant-moulin-wantzenau\/#breadcrumb","itemListElement":[{"@type":"ListItem","position":1,"name":"Hotel Restaurant La Wantzenau","item":"https:\/\/restauration.cloud0.sbg.meosis.fr\/restaurant-moulin-wantzenau\/"},{"@type":"ListItem","position":2,"name":"Accueil"}]},{"@type":"WebSite","@id":"https:\/\/restauration.cloud0.sbg.meosis.fr\/restaurant-moulin-wantzenau\/#website","url":"https:\/\/restauration.cloud0.sbg.meosis.fr\/restaurant-moulin-wantzenau\/","name":"Restaurant Au Moulin","description":"Un site utilisant R\u00e9seau MeoRestauration","potentialAction":[{"@type":"SearchAction","target":{"@type":"EntryPoint","urlTemplate":"https:\/\/restauration.cloud0.sbg.meosis.fr\/restaurant-moulin-wantzenau\/?s={search_term_string}"},"query-input":"required name=search_term_string"}],"inLanguage":"fr-FR"}]}},"acf":[],"_links":{"self":[{"href":"https:\/\/restauration.cloud0.sbg.meosis.fr\/restaurant-moulin-wantzenau\/wp-json\/wp\/v2\/pages\/2"}],"collection":[{"href":"https:\/\/restauration.cloud0.sbg.meosis.fr\/restaurant-moulin-wantzenau\/wp-json\/wp\/v2\/pages"}],"about":[{"href":"https:\/\/restauration.cloud0.sbg.meosis.fr\/restaurant-moulin-wantzenau\/wp-json\/wp\/v2\/types\/page"}],"author":[{"embeddable":true,"href":"https:\/\/restauration.cloud0.sbg.meosis.fr\/restaurant-moulin-wantzenau\/wp-json\/wp\/v2\/users\/11"}],"replies":[{"embeddable":true,"href":"https:\/\/restauration.cloud0.sbg.meosis.fr\/restaurant-moulin-wantzenau\/wp-json\/wp\/v2\/comments?post=2"}],"version-history":[{"count":0,"href":"https:\/\/restauration.cloud0.sbg.meosis.fr\/restaurant-moulin-wantzenau\/wp-json\/wp\/v2\/pages\/2\/revisions"}],"wp:attachment":[{"href":"https:\/\/restauration.cloud0.sbg.meosis.fr\/restaurant-moulin-wantzenau\/wp-json\/wp\/v2\/media?parent=2"}],"curies":[{"name":"wp","href":"https:\/\/api.w.org\/{rel}","templated":true}]}}