{"id":18,"date":"2014-08-28T15:50:45","date_gmt":"2014-08-28T14:50:45","guid":{"rendered":"http:\/\/www.restaurant-moulin-wantzenau.com\/?page_id=18"},"modified":"2023-01-08T10:43:51","modified_gmt":"2023-01-08T09:43:51","slug":"la-carte","status":"publish","type":"page","link":"https:\/\/restauration.cloud0.sbg.meosis.fr\/restaurant-moulin-wantzenau\/la-carte.html","title":{"rendered":"La Carte du Moulin de La Wantzenau"},"content":{"rendered":"<p>LES ENTR\u00c9ES<\/p>\n<p>LE CARPACCIO DE LOTTE, GAMBAS, TOPINAMBOUR,<br \/>\nTRUFFES DU P\u00c9RIGORD, L\u00c9GUMES ET HERBES<br \/>\nEntr\u00e9e normale \u00e0 34 \u20ac, petite entr\u00e9e \u00e0 22 \u20ac<br \/>\nSeeteufel-Carpaccio, jerusalemer Artishoke, schwarze Tr\u00fcffel, Gem\u00fcse und Kra\u00fcter<br \/>\nMonkfish carpaccio, jerusalem, Perigord truffle, vegetables and herbs<\/p>\n<p>LA SALADE FOLLE AU CITRON, FOIE GRAS PO\u00caL\u00c9<br \/>\nET QUEUES DE LANGOUSTINES AU VINAIGRE DE MIEL<br \/>\nEntr\u00e9e normale \u00e0 32 \u20ac, petite entr\u00e9e \u00e0 19 \u20ac<br \/>\nSalat mit Langustineschw\u00e4nze et Enteleber \u2013 Salad with Dublin bay prawns and duckliver<\/p>\n<p>LA PUR\u00c9E DE POMMES DE TERRE FUM\u00c9E, CR\u00c8ME DE TRUFFES DU P\u00c9RIGORD, SAINT JACQUES SNACK\u00c9E<br \/>\nGrande assiette \u00e0 42 \u20ac, petite \u00e0 22 \u20ac<br \/>\nJakobsmuschel mit Tr\u00fcffelsauce und gera\u00fccherts Kartoffelpuree<br \/>\nScallops, truffle sauce and smoked mashed potatoes<\/p>\n<p>LA VARIATION DE FOIE GRAS D\u2019OIE MAISON<br \/>\nEntr\u00e9e normale \u00e0 28 \u20ac, petite entr\u00e9e \u00e0 16 \u20ac<br \/>\nVerschiedene G\u00e4nseleber  \/  Goose liver variation<\/p>\n<p>LA CASSOLETTE D\u2019ESCARGOTS A LA CR\u00c8ME DE NOISETTES 16 \u20ac<br \/>\nSchnecken im Pf\u00e4nnchen mit Hazen\u00fcsse \/ Snail ith a hazelnut sauce<\/p>\n<p>LE DOS DE SAUMON D\u2019\u00c9COSSE FUM\u00c9 MAISON  14 \u20ac                  Scottischer Lachs hausger\u00e4uchert \/ Scottish salmon home smoked<\/p>\n<p>LES POISSONS<\/p>\n<p>LE BLANC DE TURBOT VAPEUR,<br \/>\nBOUILLON THA\u00cf AU LAIT DE COCO   38 \u20ac<br \/>\nSteinbutt nach Tha\u00ef Art \u2013 Turbot with a tha\u00ef sauce<\/p>\n<p>LE GRATIN DE LOTTE ET HOMARD AU CURRY MADRAS 48 \u20ac<br \/>\nSeeteufel und hummer \u00fcberbacken \u2013 Monkfish and lobster with curry au gratin<\/p>\n<p>LA MATELOTE DE POISSONS DE NOS RIVI\u00c8RES  46 \u20ac<br \/>\nS\u00fbsswasserfischragout \u2013 Fresh water fish stew<\/p>\n<p>LES VIANDES<\/p>\n<p>LE FILET DE B\u0152UF ANGUS ABERDEEN PO\u00caL\u00c9                                  C\u00c8PES ET \u00c9CHALOTES IVRES DE VIN 42  \u20ac<br \/>\nFiletsteak mit Steinpilze und Schaloten  \/  Fillet steak with ceps and shallots<\/p>\n<p>LE CHATEAUBRIAND DE B\u0152UF ANGUS D&#8217;ABERDEEN<br \/>\nPO\u00caL\u00c9 AU BEURRE, SAUCE B\u00c9ARNAISE                                                \u00e0 partir de 2 personnes : 38 \u20ac par personne<br \/>\nDoppel Filetsteak mit Bearnaise Sosse \/ Double Fillet steack with bearnaise sauce <\/p>\n<p>LE STEAK DE FAON DE CERF LAQU\u00c9 AU GINGEMBRE \u00c0 38 \u20ac<br \/>\nHirschkitz mit Ingwer \u2013 Doe meat mith ginger<\/p>\n<p>LE TRADITIONNEL POUSSIN M\u00c8RE CLAUSS<br \/>\nPOMMES FRITES, SALADE 19 \u20ac<br \/>\nH\u00e4hnchen \u00ab M\u00e8re Clauss \u00bb \u2013 Spring chicken \u00ab M\u00e8re Clauss \u00bb <\/p>\n<p>LES DESSERTS<\/p>\n<p>LE MOELLEUX CHOCOLAT,<br \/>\nC\u0152UR FONDANT FRUIT DE LA PASSION,                                         SORBET BERGAMOTE 15 \u20ac<br \/>\nSchokoladebiskuit mit Passionfr\u00fccht und Bergamotte<br \/>\nChocolate cake with passion fruit and bergamot<\/p>\n<p>DIPLOMATE VANILLE DE MADAGASCAR,<br \/>\nPOIRE CUITE ET CRUE<br \/>\nSORBET AUX FEUILLES DE POIVRE DE SICHUAN FRA\u00ceCHES 15 \u20ac<br \/>\nVanille Diplomate Creme, Birne, Sorbet mit frischen Sihuan-pfefferbl\u00e4ttern<br \/>\nVanilla diplomate cream, pear, sherbet with fresh sichuan pepper leaves<\/p>\n<p>PARIS-BREST PISTACHE ET PRALIN<br \/>\nSORBET ORANGE SANGUINE  14 \u20ac<br \/>\nParis-Brest mit Pistazien und Praline, Blutorange Sorbet<br \/>\nParis-Brest with pistachio and praline, blood orange sorbet<\/p>\n<p>LE VACHERIN GLAC\u00c9 AUX FRUITS 12 \u20ac<br \/>\nEisbaiser mit Fr\u00fcchte  \/  Vacherin with fruits<\/p>\n<p>L\u2019ASSORTIMENT DE SORBETS AUX FRUITS FRAIS 12 \u20ac<br \/>\nHalgefrorenes Teller  \/  Fruit sherbets<\/p>\n<p>LE MENU AUTOMNE<br \/>\n\u00e0 58 \u20ac hors boissons<br \/>\n\u00e0 83 \u20ac boissons incluses (3 verres de vin, 1 eau, 1 caf\u00e9) <\/p>\n<p>LE  CARPACCIO DE LOTTE, GAMBAS, TOPINAMBOUR,<br \/>\nTRUFFES DU P\u00c9RIGORD, L\u00c9GUMES ET HERBES<br \/>\n*<br \/>\nLE BLANC DE TURBOT VAPEUR,<br \/>\nBOUILLON THA\u00cf AU LAIT DE COCO<br \/>\n*<br \/>\nLE STEAK DE FAON DE CERF LAQU\u00c9 AU GINGEMBRE<br \/>\n*<br \/>\nPARIS-BREST PISTACHE ET PRALIN<br \/>\nSORBET ORANGE SANGUINE<\/p>\n<p>LE MENU TRADITION \u00e0 38 \u20ac hors boissons<br \/>\n55 \u20ac boissons incluses (2 verres de vin, 1 eau et 1 caf\u00e9)<\/p>\n<p>LE DOS DE SAUMON D\u2019\u00c9COSSE LABEL ROUGE FUM\u00c9 MAISON<br \/>\nOU<br \/>\nLA CASSOLETTE D\u2019ESCARGOTS<br \/>\nA LA CR\u00c8ME DE NOISETTES<br \/>\n*<br \/>\nLE TRADITIONNEL POUSSIN M\u00c8RE CLAUSS<br \/>\n*<br \/>\nLE VACHERIN GLACE AUX FRUITS<\/p>\n<p>LE MENU D\u00c9COUVERTE<br \/>\n\u00e0 78 \u20ac hors boissons<br \/>\n\u00e0 114 \u20ac boissons incluses (6 verres de vin, 1 eau, 1 caf\u00e9) <\/p>\n<p>LE FOIE GRAS D\u2019OIE CUIT AU TORCHON<br \/>\n*<br \/>\nLA SALADE FOLLE AU CITRON, FOIE GRAS PO\u00caL\u00c9<br \/>\nET QUEUE DE LANGOUSTINE AU VINAIGRE DE MIEL<br \/>\n*<br \/>\nLA PUR\u00c9E DE POMMES DE TERRE FUM\u00c9E,<br \/>\nCR\u00c8ME DE TRUFFES DU P\u00c9RIGORD,<br \/>\nSAINT JACQUES SNACK\u00c9E<br \/>\n*<br \/>\nLA CASSOLETTE D\u2019ESCARGOTS<br \/>\nA LA CR\u00c8ME DE NOISETTES<br \/>\n*<br \/>\nLE GRATIN DE LOTTE ET HOMARD<br \/>\nAU CURRY MADRAS<br \/>\n*<br \/>\nLE STEAK DE FAON DE CERF LAQU\u00c9<br \/>\nAU GINGEMBRE<br \/>\n*<br \/>\nDIPLOMATE VANILLE DE MADAGASCAR,<br \/>\nPOIRE CUITE ET CRUE<br \/>\nSORBET AUX FEUILLES DE POIVRE DE SICHUAN FRA\u00ceCHES<br \/>\nLE MENU V\u00c9G\u00c9TARIEN \/ VEGAN \u00c0 32 \u20ac hors boissons<br \/>\n\u00e0 46 \u20ac boissons incluses (2 verres de vin, 1 eau, 1 caf\u00e9) <\/p>\n<p>SALADE DE M\u00c2CHE ET CHIPS DE TOPINAMBOUR , CEBETTES<br \/>\nLENTILLES CORAIL ET CAROTTES AU SAFRAN D\u2019ALSACE<br \/>\n*<br \/>\nSOUPE THA\u00cf DE L\u00c9GUMES RACINE ET PAK CHO\u00cf<br \/>\nCOCO-GINGEMBRE-LIME<br \/>\n*<br \/>\nANANAS ET MANGUE R\u00d4TIS<br \/>\nAU COMBAWA<\/p>\n","protected":false},"excerpt":{"rendered":"<p>LES ENTR\u00c9ES LE CARPACCIO DE LOTTE, GAMBAS, TOPINAMBOUR, TRUFFES DU P\u00c9RIGORD, L\u00c9GUMES ET HERBES Entr\u00e9e normale \u00e0 34 \u20ac, petite entr\u00e9e \u00e0 22 \u20ac Seeteufel-Carpaccio, jerusalemer Artishoke, schwarze Tr\u00fcffel, Gem\u00fcse&#8230; <a class=\"btn-read-more\" href=\"https:\/\/restauration.cloud0.sbg.meosis.fr\/restaurant-moulin-wantzenau\/la-carte.html\" title=\"Lire La Carte du Moulin de La Wantzenau\">> Lire la suite&#8230;<\/a><\/p>\n","protected":false},"author":1,"featured_media":482,"parent":0,"menu_order":0,"comment_status":"closed","ping_status":"closed","template":"","meta":[],"yoast_head":"<!-- This site is optimized with the Yoast SEO plugin v20.6 - https:\/\/yoast.com\/wordpress\/plugins\/seo\/ -->\n<title>Restaurant 67 : La Carte du Restaurant Au Moulin de La Wantzenau<\/title>\n<meta name=\"description\" content=\"LES ENTR\u00c9ES LE CARPACCIO DE LOTTE, GAMBAS, TOPINAMBOUR, TRUFFES DU P\u00c9RIGORD, L\u00c9GUMES ET HERBES Entr\u00e9e normale \u00e0 34 \u20ac, petite entr\u00e9e \u00e0 22 \u20ac\" \/>\n<meta name=\"robots\" content=\"index, follow, max-snippet:-1, max-image-preview:large, max-video-preview:-1\" \/>\n<link rel=\"canonical\" href=\"https:\/\/restauration.cloud0.sbg.meosis.fr\/restaurant-moulin-wantzenau\/la-carte.html\" \/>\n<meta property=\"og:locale\" content=\"fr_FR\" \/>\n<meta property=\"og:type\" content=\"article\" \/>\n<meta property=\"og:title\" content=\"Restaurant 67 : La Carte du Restaurant Au Moulin de La Wantzenau\" \/>\n<meta property=\"og:description\" content=\"LES ENTR\u00c9ES LE CARPACCIO DE LOTTE, GAMBAS, TOPINAMBOUR, TRUFFES DU P\u00c9RIGORD, L\u00c9GUMES ET HERBES Entr\u00e9e normale \u00e0 34 \u20ac, petite entr\u00e9e \u00e0 22 \u20ac\" \/>\n<meta property=\"og:url\" content=\"https:\/\/restauration.cloud0.sbg.meosis.fr\/restaurant-moulin-wantzenau\/la-carte.html\" \/>\n<meta property=\"og:site_name\" content=\"Restaurant Au Moulin\" \/>\n<meta property=\"article:modified_time\" content=\"2023-01-08T09:43:51+00:00\" \/>\n<meta property=\"og:image\" content=\"https:\/\/restauration.cloud0.sbg.meosis.fr\/restaurant-moulin-wantzenau\/wp-content\/uploads\/sites\/70\/2014\/08\/20170401_210630.jpg\" \/>\n\t<meta property=\"og:image:width\" content=\"3264\" \/>\n\t<meta property=\"og:image:height\" content=\"2448\" \/>\n\t<meta property=\"og:image:type\" content=\"image\/jpeg\" \/>\n<meta name=\"twitter:card\" content=\"summary_large_image\" \/>\n<meta name=\"twitter:label1\" content=\"Dur\u00e9e de lecture estim\u00e9e\" \/>\n\t<meta name=\"twitter:data1\" content=\"3 minutes\" \/>\n<script type=\"application\/ld+json\" class=\"yoast-schema-graph\">{\"@context\":\"https:\/\/schema.org\",\"@graph\":[{\"@type\":\"WebPage\",\"@id\":\"https:\/\/restauration.cloud0.sbg.meosis.fr\/restaurant-moulin-wantzenau\/la-carte.html\",\"url\":\"https:\/\/restauration.cloud0.sbg.meosis.fr\/restaurant-moulin-wantzenau\/la-carte.html\",\"name\":\"Restaurant 67 : La Carte du Restaurant Au Moulin de La Wantzenau\",\"isPartOf\":{\"@id\":\"https:\/\/restauration.cloud0.sbg.meosis.fr\/restaurant-moulin-wantzenau\/#website\"},\"datePublished\":\"2014-08-28T14:50:45+00:00\",\"dateModified\":\"2023-01-08T09:43:51+00:00\",\"description\":\"LES ENTR\u00c9ES LE CARPACCIO DE LOTTE, GAMBAS, TOPINAMBOUR, TRUFFES DU P\u00c9RIGORD, L\u00c9GUMES ET HERBES Entr\u00e9e normale \u00e0 34 \u20ac, petite entr\u00e9e \u00e0 22 \u20ac\",\"breadcrumb\":{\"@id\":\"https:\/\/restauration.cloud0.sbg.meosis.fr\/restaurant-moulin-wantzenau\/la-carte.html#breadcrumb\"},\"inLanguage\":\"fr-FR\",\"potentialAction\":[{\"@type\":\"ReadAction\",\"target\":[\"https:\/\/restauration.cloud0.sbg.meosis.fr\/restaurant-moulin-wantzenau\/la-carte.html\"]}]},{\"@type\":\"BreadcrumbList\",\"@id\":\"https:\/\/restauration.cloud0.sbg.meosis.fr\/restaurant-moulin-wantzenau\/la-carte.html#breadcrumb\",\"itemListElement\":[{\"@type\":\"ListItem\",\"position\":1,\"name\":\"Hotel Restaurant La Wantzenau\",\"item\":\"https:\/\/restauration.cloud0.sbg.meosis.fr\/restaurant-moulin-wantzenau\/\"},{\"@type\":\"ListItem\",\"position\":2,\"name\":\"La Carte du Moulin de La Wantzenau\"}]},{\"@type\":\"WebSite\",\"@id\":\"https:\/\/restauration.cloud0.sbg.meosis.fr\/restaurant-moulin-wantzenau\/#website\",\"url\":\"https:\/\/restauration.cloud0.sbg.meosis.fr\/restaurant-moulin-wantzenau\/\",\"name\":\"Restaurant Au Moulin\",\"description\":\"Un site utilisant R\u00e9seau MeoRestauration\",\"potentialAction\":[{\"@type\":\"SearchAction\",\"target\":{\"@type\":\"EntryPoint\",\"urlTemplate\":\"https:\/\/restauration.cloud0.sbg.meosis.fr\/restaurant-moulin-wantzenau\/?s={search_term_string}\"},\"query-input\":\"required name=search_term_string\"}],\"inLanguage\":\"fr-FR\"}]}<\/script>\n<!-- \/ Yoast SEO plugin. -->","yoast_head_json":{"title":"Restaurant 67 : La Carte du Restaurant Au Moulin de La Wantzenau","description":"LES ENTR\u00c9ES LE CARPACCIO DE LOTTE, GAMBAS, TOPINAMBOUR, TRUFFES DU P\u00c9RIGORD, L\u00c9GUMES ET HERBES Entr\u00e9e normale \u00e0 34 \u20ac, petite entr\u00e9e \u00e0 22 \u20ac","robots":{"index":"index","follow":"follow","max-snippet":"max-snippet:-1","max-image-preview":"max-image-preview:large","max-video-preview":"max-video-preview:-1"},"canonical":"https:\/\/restauration.cloud0.sbg.meosis.fr\/restaurant-moulin-wantzenau\/la-carte.html","og_locale":"fr_FR","og_type":"article","og_title":"Restaurant 67 : La Carte du Restaurant Au Moulin de La Wantzenau","og_description":"LES ENTR\u00c9ES LE CARPACCIO DE LOTTE, GAMBAS, TOPINAMBOUR, TRUFFES DU P\u00c9RIGORD, L\u00c9GUMES ET HERBES Entr\u00e9e normale \u00e0 34 \u20ac, petite entr\u00e9e \u00e0 22 \u20ac","og_url":"https:\/\/restauration.cloud0.sbg.meosis.fr\/restaurant-moulin-wantzenau\/la-carte.html","og_site_name":"Restaurant Au Moulin","article_modified_time":"2023-01-08T09:43:51+00:00","og_image":[{"width":3264,"height":2448,"url":"https:\/\/restauration.cloud0.sbg.meosis.fr\/restaurant-moulin-wantzenau\/wp-content\/uploads\/sites\/70\/2014\/08\/20170401_210630.jpg","type":"image\/jpeg"}],"twitter_card":"summary_large_image","twitter_misc":{"Dur\u00e9e de lecture estim\u00e9e":"3 minutes"},"schema":{"@context":"https:\/\/schema.org","@graph":[{"@type":"WebPage","@id":"https:\/\/restauration.cloud0.sbg.meosis.fr\/restaurant-moulin-wantzenau\/la-carte.html","url":"https:\/\/restauration.cloud0.sbg.meosis.fr\/restaurant-moulin-wantzenau\/la-carte.html","name":"Restaurant 67 : La Carte du Restaurant Au Moulin de La Wantzenau","isPartOf":{"@id":"https:\/\/restauration.cloud0.sbg.meosis.fr\/restaurant-moulin-wantzenau\/#website"},"datePublished":"2014-08-28T14:50:45+00:00","dateModified":"2023-01-08T09:43:51+00:00","description":"LES ENTR\u00c9ES LE CARPACCIO DE LOTTE, GAMBAS, TOPINAMBOUR, TRUFFES DU P\u00c9RIGORD, L\u00c9GUMES ET HERBES Entr\u00e9e normale \u00e0 34 \u20ac, petite entr\u00e9e \u00e0 22 \u20ac","breadcrumb":{"@id":"https:\/\/restauration.cloud0.sbg.meosis.fr\/restaurant-moulin-wantzenau\/la-carte.html#breadcrumb"},"inLanguage":"fr-FR","potentialAction":[{"@type":"ReadAction","target":["https:\/\/restauration.cloud0.sbg.meosis.fr\/restaurant-moulin-wantzenau\/la-carte.html"]}]},{"@type":"BreadcrumbList","@id":"https:\/\/restauration.cloud0.sbg.meosis.fr\/restaurant-moulin-wantzenau\/la-carte.html#breadcrumb","itemListElement":[{"@type":"ListItem","position":1,"name":"Hotel Restaurant La Wantzenau","item":"https:\/\/restauration.cloud0.sbg.meosis.fr\/restaurant-moulin-wantzenau\/"},{"@type":"ListItem","position":2,"name":"La Carte du Moulin de La Wantzenau"}]},{"@type":"WebSite","@id":"https:\/\/restauration.cloud0.sbg.meosis.fr\/restaurant-moulin-wantzenau\/#website","url":"https:\/\/restauration.cloud0.sbg.meosis.fr\/restaurant-moulin-wantzenau\/","name":"Restaurant Au Moulin","description":"Un site utilisant R\u00e9seau MeoRestauration","potentialAction":[{"@type":"SearchAction","target":{"@type":"EntryPoint","urlTemplate":"https:\/\/restauration.cloud0.sbg.meosis.fr\/restaurant-moulin-wantzenau\/?s={search_term_string}"},"query-input":"required name=search_term_string"}],"inLanguage":"fr-FR"}]}},"acf":[],"_links":{"self":[{"href":"https:\/\/restauration.cloud0.sbg.meosis.fr\/restaurant-moulin-wantzenau\/wp-json\/wp\/v2\/pages\/18"}],"collection":[{"href":"https:\/\/restauration.cloud0.sbg.meosis.fr\/restaurant-moulin-wantzenau\/wp-json\/wp\/v2\/pages"}],"about":[{"href":"https:\/\/restauration.cloud0.sbg.meosis.fr\/restaurant-moulin-wantzenau\/wp-json\/wp\/v2\/types\/page"}],"author":[{"embeddable":true,"href":"https:\/\/restauration.cloud0.sbg.meosis.fr\/restaurant-moulin-wantzenau\/wp-json\/wp\/v2\/users\/1"}],"replies":[{"embeddable":true,"href":"https:\/\/restauration.cloud0.sbg.meosis.fr\/restaurant-moulin-wantzenau\/wp-json\/wp\/v2\/comments?post=18"}],"version-history":[{"count":28,"href":"https:\/\/restauration.cloud0.sbg.meosis.fr\/restaurant-moulin-wantzenau\/wp-json\/wp\/v2\/pages\/18\/revisions"}],"predecessor-version":[{"id":1489,"href":"https:\/\/restauration.cloud0.sbg.meosis.fr\/restaurant-moulin-wantzenau\/wp-json\/wp\/v2\/pages\/18\/revisions\/1489"}],"wp:featuredmedia":[{"embeddable":true,"href":"https:\/\/restauration.cloud0.sbg.meosis.fr\/restaurant-moulin-wantzenau\/wp-json\/wp\/v2\/media\/482"}],"wp:attachment":[{"href":"https:\/\/restauration.cloud0.sbg.meosis.fr\/restaurant-moulin-wantzenau\/wp-json\/wp\/v2\/media?parent=18"}],"curies":[{"name":"wp","href":"https:\/\/api.w.org\/{rel}","templated":true}]}}