{"id":12,"date":"2014-08-28T15:49:31","date_gmt":"2014-08-28T14:49:31","guid":{"rendered":"http:\/\/www.restaurant-moulin-wantzenau.com\/?page_id=12"},"modified":"2016-09-21T13:44:38","modified_gmt":"2016-09-21T12:44:38","slug":"bons-cadeaux","status":"publish","type":"page","link":"https:\/\/restauration.cloud0.sbg.meosis.fr\/restaurant-moulin-wantzenau\/bons-cadeaux.html","title":{"rendered":"Offrez des bons cadeaux"},"content":{"rendered":"<p><img loading=\"lazy\" class=\"aligncenter size-full wp-image-35\" src=\"http:\/\/restauration.cloud0.sbg.meosis.fr\/restaurant-moulin-wantzenau\/wp-content\/uploads\/sites\/70\/2014\/08\/homard.jpg\" alt=\"homard\" width=\"1134\" height=\"759\" srcset=\"https:\/\/restauration.cloud0.sbg.meosis.fr\/restaurant-moulin-wantzenau\/wp-content\/uploads\/sites\/70\/2014\/08\/homard.jpg 1134w, https:\/\/restauration.cloud0.sbg.meosis.fr\/restaurant-moulin-wantzenau\/wp-content\/uploads\/sites\/70\/2014\/08\/homard-300x200.jpg 300w, https:\/\/restauration.cloud0.sbg.meosis.fr\/restaurant-moulin-wantzenau\/wp-content\/uploads\/sites\/70\/2014\/08\/homard-1024x685.jpg 1024w, https:\/\/restauration.cloud0.sbg.meosis.fr\/restaurant-moulin-wantzenau\/wp-content\/uploads\/sites\/70\/2014\/08\/homard-600x401.jpg 600w, https:\/\/restauration.cloud0.sbg.meosis.fr\/restaurant-moulin-wantzenau\/wp-content\/uploads\/sites\/70\/2014\/08\/homard-150x100.jpg 150w\" sizes=\"(max-width: 1134px) 100vw, 1134px\" \/><br \/>\nTARIFS BONS CADEAU (prix par personne)<br \/>\nla composition des menus est donn\u00e9e \u00e0 titre indicatif<br \/>\net change au fil des saisons et de l&#8217;inspiration.<\/p>\n<p>Nous proposons \u00e9galement des bons avec une valeur de votre choix, \u00e0 valoir sur un repas au Moulin<\/p>\n<h2 style=\"text-align: center;\">***************<\/h2>\n<h2 style=\"text-align: center;\">LE MENU TRADITION \u00e0 29 \u20ac hors boissons<\/h2>\n<p>47 \u20ac boissons incluses (ap\u00e9ritif maison \u00e0 la fleur de Sureau, 1 verre de vin par plat, 1 eau et 1 caf\u00e9)<br \/>\nLA CASSOLETTE D&#8217;ESCARGOTS DES VOSGES<br \/>\nA LA CR\u00c8ME DE NOISETTES<br \/>\nOU<br \/>\nLE DOS DE SAUMON DE NORV\u00c8GE FUM\u00c9 MAISON<br \/>\n***<br \/>\nLE POUSSIN &#8220;M\u00c8RE CLAUSS&#8221;<br \/>\n***<br \/>\nLE VACHERIN GLAC\u00c9 AUX FRUITS<\/p>\n<h2 style=\"text-align: center;\">***************<\/h2>\n<h2 style=\"text-align: center;\">LE MENU GOURMAND \u00e0 51 \u20ac hors boissons<\/h2>\n<p>73 \u20ac boissons incluses (ap\u00e9ritif maison \u00e0 la fleur de Sureau, 1 verre de vin par plat, 1 eau et 1 caf\u00e9)<br \/>\nMEDAILLON DE FOIE GRAS D&#8217;OIE MAISON CUIT AU TORCHON<br \/>\n***<br \/>\nQUENELLES DE BROCHET, QUEUES D&#8217;ECREVISSES<br \/>\nET CUISSES DE GRENOUILLES A LA CREME D&#8217;OSEILLE<br \/>\n***<br \/>\nMIGNON DE VEAU R\u00d4TI<br \/>\nAU PESTO D&#8217;HERBES SAUVAGES<br \/>\n***<br \/>\nPARIS-BREST AUX FRAISES ET SPECULOOS<\/p>\n<h2 style=\"text-align: center;\">***************<\/h2>\n<h2 style=\"text-align: center;\">LE MENU D\u00c9COUVERTE \u00e0 74 \u20ac<\/h2>\n<p>110 \u20ac boissons incluses (ap\u00e9ritif maison \u00e0 la fleur de Sureau, 1 verre de vin par plat, 1 eau et 1 caf\u00e9)<br \/>\nFOIE GRAS D&#8217;OIE AUX ABRICOTS SECS<br \/>\n***<br \/>\nEFFILOCHEE D&#8217;ASPERGES VERTES ET GIROLLES FRA\u00ceCHES<br \/>\nPETITE SALADE AUX HERBES SAUVAGES<br \/>\n***<br \/>\nSAINT-JACQUES, TURBOT ET FOIE GRAS PO\u00caLES,<br \/>\nCREME DE TRUFFES D&#8217;ETE, PUREE DE FEVES ET CAROTTES<br \/>\n***<br \/>\nFILET DE BAR GRILLE AUX PETITS LEGUMES<br \/>\nVINAIGRETTE BALSAMIQUE<br \/>\n***<br \/>\nPO\u00caLEE DE RIS D&#8217;AGNEAU ET LANGOUSTINES,<br \/>\nASPERGES VERTES ET LEGUMES CROQUANTS, BEIGNET DE CONSOUDE<br \/>\n***<br \/>\nBROCHETTE DE MAGRET DE CANARD ET FOIE GRAS D&#8217;OIE AUX HERBES FRA\u00ceCHES<br \/>\n***<br \/>\nCAPPUCCINO DE FRUITS DE SAISON<\/p>\n","protected":false},"excerpt":{"rendered":"<p>TARIFS BONS CADEAU (prix par personne) la composition des menus est donn\u00e9e \u00e0 titre indicatif et change au fil des saisons et de l&#8217;inspiration. Nous proposons \u00e9galement des bons avec&#8230; <a class=\"btn-read-more\" href=\"https:\/\/restauration.cloud0.sbg.meosis.fr\/restaurant-moulin-wantzenau\/bons-cadeaux.html\" title=\"Lire Offrez des bons cadeaux\">> Lire la suite&#8230;<\/a><\/p>\n","protected":false},"author":1,"featured_media":0,"parent":0,"menu_order":0,"comment_status":"open","ping_status":"open","template":"","meta":[],"yoast_head":"<!-- This site is optimized with the Yoast SEO plugin v20.6 - https:\/\/yoast.com\/wordpress\/plugins\/seo\/ -->\n<title>Offrez des Bons Cadeaux \u203a Restaurant Au Moulin de la Wantzenau<\/title>\n<meta name=\"description\" content=\"Ob f\u00fcr einen besonderen Anlass oder einfach nur zu gefallen Sie auf der Suche nach einer originellen Geschenkidee? Bieten einen Gutschein in unserem\" \/>\n<meta name=\"robots\" content=\"index, follow, max-snippet:-1, max-image-preview:large, max-video-preview:-1\" \/>\n<link rel=\"canonical\" href=\"https:\/\/restauration.cloud0.sbg.meosis.fr\/restaurant-moulin-wantzenau\/bons-cadeaux.html\" \/>\n<meta property=\"og:locale\" content=\"fr_FR\" \/>\n<meta property=\"og:type\" content=\"article\" \/>\n<meta property=\"og:title\" content=\"Offrez des Bons Cadeaux \u203a Restaurant Au Moulin de la Wantzenau\" \/>\n<meta property=\"og:description\" content=\"Ob f\u00fcr einen besonderen Anlass oder einfach nur zu gefallen Sie auf der Suche nach einer originellen Geschenkidee? Bieten einen Gutschein in unserem\" \/>\n<meta property=\"og:url\" content=\"https:\/\/restauration.cloud0.sbg.meosis.fr\/restaurant-moulin-wantzenau\/bons-cadeaux.html\" \/>\n<meta property=\"og:site_name\" content=\"Restaurant Au Moulin\" \/>\n<meta property=\"article:modified_time\" content=\"2016-09-21T12:44:38+00:00\" \/>\n<meta property=\"og:image\" content=\"http:\/\/restauration.cloud0.sbg.meosis.fr\/restaurant-moulin-wantzenau\/wp-content\/uploads\/sites\/70\/2014\/08\/homard.jpg\" \/>\n<meta name=\"twitter:card\" content=\"summary_large_image\" \/>\n<meta name=\"twitter:label1\" content=\"Dur\u00e9e de lecture estim\u00e9e\" \/>\n\t<meta name=\"twitter:data1\" content=\"2 minutes\" \/>\n<script type=\"application\/ld+json\" class=\"yoast-schema-graph\">{\"@context\":\"https:\/\/schema.org\",\"@graph\":[{\"@type\":\"WebPage\",\"@id\":\"https:\/\/restauration.cloud0.sbg.meosis.fr\/restaurant-moulin-wantzenau\/bons-cadeaux.html\",\"url\":\"https:\/\/restauration.cloud0.sbg.meosis.fr\/restaurant-moulin-wantzenau\/bons-cadeaux.html\",\"name\":\"Offrez des Bons Cadeaux \u203a Restaurant Au Moulin de la Wantzenau\",\"isPartOf\":{\"@id\":\"https:\/\/restauration.cloud0.sbg.meosis.fr\/restaurant-moulin-wantzenau\/#website\"},\"datePublished\":\"2014-08-28T14:49:31+00:00\",\"dateModified\":\"2016-09-21T12:44:38+00:00\",\"description\":\"Ob f\u00fcr einen besonderen Anlass oder einfach nur zu gefallen Sie auf der Suche nach einer originellen Geschenkidee? Bieten einen Gutschein in unserem\",\"breadcrumb\":{\"@id\":\"https:\/\/restauration.cloud0.sbg.meosis.fr\/restaurant-moulin-wantzenau\/bons-cadeaux.html#breadcrumb\"},\"inLanguage\":\"fr-FR\",\"potentialAction\":[{\"@type\":\"ReadAction\",\"target\":[\"https:\/\/restauration.cloud0.sbg.meosis.fr\/restaurant-moulin-wantzenau\/bons-cadeaux.html\"]}]},{\"@type\":\"BreadcrumbList\",\"@id\":\"https:\/\/restauration.cloud0.sbg.meosis.fr\/restaurant-moulin-wantzenau\/bons-cadeaux.html#breadcrumb\",\"itemListElement\":[{\"@type\":\"ListItem\",\"position\":1,\"name\":\"Hotel Restaurant La Wantzenau\",\"item\":\"https:\/\/restauration.cloud0.sbg.meosis.fr\/restaurant-moulin-wantzenau\/\"},{\"@type\":\"ListItem\",\"position\":2,\"name\":\"Offrez des bons cadeaux\"}]},{\"@type\":\"WebSite\",\"@id\":\"https:\/\/restauration.cloud0.sbg.meosis.fr\/restaurant-moulin-wantzenau\/#website\",\"url\":\"https:\/\/restauration.cloud0.sbg.meosis.fr\/restaurant-moulin-wantzenau\/\",\"name\":\"Restaurant Au Moulin\",\"description\":\"Un site utilisant R\u00e9seau MeoRestauration\",\"potentialAction\":[{\"@type\":\"SearchAction\",\"target\":{\"@type\":\"EntryPoint\",\"urlTemplate\":\"https:\/\/restauration.cloud0.sbg.meosis.fr\/restaurant-moulin-wantzenau\/?s={search_term_string}\"},\"query-input\":\"required name=search_term_string\"}],\"inLanguage\":\"fr-FR\"}]}<\/script>\n<!-- \/ Yoast SEO plugin. -->","yoast_head_json":{"title":"Offrez des Bons Cadeaux \u203a Restaurant Au Moulin de la Wantzenau","description":"Ob f\u00fcr einen besonderen Anlass oder einfach nur zu gefallen Sie auf der Suche nach einer originellen Geschenkidee? Bieten einen Gutschein in unserem","robots":{"index":"index","follow":"follow","max-snippet":"max-snippet:-1","max-image-preview":"max-image-preview:large","max-video-preview":"max-video-preview:-1"},"canonical":"https:\/\/restauration.cloud0.sbg.meosis.fr\/restaurant-moulin-wantzenau\/bons-cadeaux.html","og_locale":"fr_FR","og_type":"article","og_title":"Offrez des Bons Cadeaux \u203a Restaurant Au Moulin de la Wantzenau","og_description":"Ob f\u00fcr einen besonderen Anlass oder einfach nur zu gefallen Sie auf der Suche nach einer originellen Geschenkidee? Bieten einen Gutschein in unserem","og_url":"https:\/\/restauration.cloud0.sbg.meosis.fr\/restaurant-moulin-wantzenau\/bons-cadeaux.html","og_site_name":"Restaurant Au Moulin","article_modified_time":"2016-09-21T12:44:38+00:00","og_image":[{"url":"http:\/\/restauration.cloud0.sbg.meosis.fr\/restaurant-moulin-wantzenau\/wp-content\/uploads\/sites\/70\/2014\/08\/homard.jpg"}],"twitter_card":"summary_large_image","twitter_misc":{"Dur\u00e9e de lecture estim\u00e9e":"2 minutes"},"schema":{"@context":"https:\/\/schema.org","@graph":[{"@type":"WebPage","@id":"https:\/\/restauration.cloud0.sbg.meosis.fr\/restaurant-moulin-wantzenau\/bons-cadeaux.html","url":"https:\/\/restauration.cloud0.sbg.meosis.fr\/restaurant-moulin-wantzenau\/bons-cadeaux.html","name":"Offrez des Bons Cadeaux \u203a Restaurant Au Moulin de la Wantzenau","isPartOf":{"@id":"https:\/\/restauration.cloud0.sbg.meosis.fr\/restaurant-moulin-wantzenau\/#website"},"datePublished":"2014-08-28T14:49:31+00:00","dateModified":"2016-09-21T12:44:38+00:00","description":"Ob f\u00fcr einen besonderen Anlass oder einfach nur zu gefallen Sie auf der Suche nach einer originellen Geschenkidee? Bieten einen Gutschein in unserem","breadcrumb":{"@id":"https:\/\/restauration.cloud0.sbg.meosis.fr\/restaurant-moulin-wantzenau\/bons-cadeaux.html#breadcrumb"},"inLanguage":"fr-FR","potentialAction":[{"@type":"ReadAction","target":["https:\/\/restauration.cloud0.sbg.meosis.fr\/restaurant-moulin-wantzenau\/bons-cadeaux.html"]}]},{"@type":"BreadcrumbList","@id":"https:\/\/restauration.cloud0.sbg.meosis.fr\/restaurant-moulin-wantzenau\/bons-cadeaux.html#breadcrumb","itemListElement":[{"@type":"ListItem","position":1,"name":"Hotel Restaurant La Wantzenau","item":"https:\/\/restauration.cloud0.sbg.meosis.fr\/restaurant-moulin-wantzenau\/"},{"@type":"ListItem","position":2,"name":"Offrez des bons cadeaux"}]},{"@type":"WebSite","@id":"https:\/\/restauration.cloud0.sbg.meosis.fr\/restaurant-moulin-wantzenau\/#website","url":"https:\/\/restauration.cloud0.sbg.meosis.fr\/restaurant-moulin-wantzenau\/","name":"Restaurant Au Moulin","description":"Un site utilisant R\u00e9seau MeoRestauration","potentialAction":[{"@type":"SearchAction","target":{"@type":"EntryPoint","urlTemplate":"https:\/\/restauration.cloud0.sbg.meosis.fr\/restaurant-moulin-wantzenau\/?s={search_term_string}"},"query-input":"required name=search_term_string"}],"inLanguage":"fr-FR"}]}},"acf":[],"_links":{"self":[{"href":"https:\/\/restauration.cloud0.sbg.meosis.fr\/restaurant-moulin-wantzenau\/wp-json\/wp\/v2\/pages\/12"}],"collection":[{"href":"https:\/\/restauration.cloud0.sbg.meosis.fr\/restaurant-moulin-wantzenau\/wp-json\/wp\/v2\/pages"}],"about":[{"href":"https:\/\/restauration.cloud0.sbg.meosis.fr\/restaurant-moulin-wantzenau\/wp-json\/wp\/v2\/types\/page"}],"author":[{"embeddable":true,"href":"https:\/\/restauration.cloud0.sbg.meosis.fr\/restaurant-moulin-wantzenau\/wp-json\/wp\/v2\/users\/1"}],"replies":[{"embeddable":true,"href":"https:\/\/restauration.cloud0.sbg.meosis.fr\/restaurant-moulin-wantzenau\/wp-json\/wp\/v2\/comments?post=12"}],"version-history":[{"count":0,"href":"https:\/\/restauration.cloud0.sbg.meosis.fr\/restaurant-moulin-wantzenau\/wp-json\/wp\/v2\/pages\/12\/revisions"}],"wp:attachment":[{"href":"https:\/\/restauration.cloud0.sbg.meosis.fr\/restaurant-moulin-wantzenau\/wp-json\/wp\/v2\/media?parent=12"}],"curies":[{"name":"wp","href":"https:\/\/api.w.org\/{rel}","templated":true}]}}