{"id":10,"date":"2014-08-28T15:48:58","date_gmt":"2014-08-28T14:48:58","guid":{"rendered":"http:\/\/www.restaurant-moulin-wantzenau.com\/?page_id=10"},"modified":"2021-12-10T08:59:38","modified_gmt":"2021-12-10T07:59:38","slug":"receptions-seminaires","status":"publish","type":"page","link":"https:\/\/restauration.cloud0.sbg.meosis.fr\/restaurant-moulin-wantzenau\/receptions-seminaires.html","title":{"rendered":"R\u00e9ceptions S\u00e9minaires au Moulin de la Wantzenau"},"content":{"rendered":"<p>Nos salons, terrasse et jardin permettent d&#8217;accueillir des r\u00e9ceptions de mariage, d&#8217;anniversaire, professionnelles ou autres jusqu&#8217;\u00e0 75 personnes assises dans une salle, 110 dans tout le restaurant et plus encore en formule garden party ou cocktail.<\/p>\n<p>Nous vous proposons aussi deux beaux salons de r\u00e9unions :<br \/>\n55 m\u00b2 climatis\u00e9 \u00e0 l&#8217;\u00e9tage orient\u00e9 sud<br \/>\net<br \/>\n25 m\u00b2 \u00e0 l&#8217;\u00e9tage orient\u00e9 nord<\/p>\n<p>tous deux lumineux, \u00e9quip\u00e9s d&#8217;\u00e9crans, de paper-boards, de r\u00e9troprojecteurs et de vid\u00e9oprojecteurs\u00a0et d&#8217;une liaison wifi.<\/p>\n<p>Nous pouvons ainsi accueillir de 2 \u00e0 25 personnes autour d&#8217;une table et jusqu&#8217;\u00e0 60 en configuration cin\u00e9ma.<\/p>\n<p>R\u00e9union d&#8217;une journ\u00e9e ou bureau pour plusieurs jours, avec ou sans h\u00e9bergement, n&#8217;h\u00e9sitez pas \u00e0 <a title=\"Contactez votre hotel restaurant \u00e0 La Wantzenau\" href=\"http:\/\/www.restaurant-moulin-wantzenau.com\/contact.html\">nous contacter<\/a>.<\/p>\n<p>Nous pouvons vous proposer des activit\u00e9s compl\u00e9mentaires\u00a0: d\u00e9gustation de vins, bapt\u00eame en <a href=\"http:\/\/www.helitravaux.com\">h\u00e9licopt\u00e8re<\/a>, <a href=\"http:\/\/www.golf-wantzenau.fr\">golf<\/a>, etc.<\/p>\n<ul>\n<li style=\"list-style-type: none\">\n<ul>\n<li>Journ\u00e9e de r\u00e9union \u00e0 64 \u20ac tout compris<\/li>\n<li>S\u00e9minaire r\u00e9sidentiel \/ nous demander<\/li>\n<\/ul>\n<\/li>\n<\/ul>\n<p>\u00c9galement location de salles<\/p>\n","protected":false},"excerpt":{"rendered":"<p>Nos salons, terrasse et jardin permettent d&#8217;accueillir des r\u00e9ceptions de mariage, d&#8217;anniversaire, professionnelles ou autres jusqu&#8217;\u00e0 75 personnes assises dans une salle, 110 dans tout le restaurant et plus encore&#8230; <a class=\"btn-read-more\" href=\"https:\/\/restauration.cloud0.sbg.meosis.fr\/restaurant-moulin-wantzenau\/receptions-seminaires.html\" title=\"Lire R\u00e9ceptions S\u00e9minaires au Moulin de la Wantzenau\">> Lire la suite&#8230;<\/a><\/p>\n","protected":false},"author":1,"featured_media":0,"parent":0,"menu_order":0,"comment_status":"closed","ping_status":"closed","template":"","meta":[],"yoast_head":"<!-- This site is optimized with the Yoast SEO plugin v20.6 - https:\/\/yoast.com\/wordpress\/plugins\/seo\/ -->\n<title>R\u00e9ceptions S\u00e9minaires au Moulin de la Wantzenau<\/title>\n<meta name=\"description\" content=\"2 Tagunsr\u00e4ume mit Leinwand, flip-Chart, Projektor, Videoprojektor und W-Lan Anschluss stehen zur Verf\u00fcgung. Die Bestuhlung reicht von 2 - 25 Personen um\" \/>\n<meta name=\"robots\" content=\"index, follow, max-snippet:-1, max-image-preview:large, max-video-preview:-1\" \/>\n<link rel=\"canonical\" href=\"https:\/\/restauration.cloud0.sbg.meosis.fr\/restaurant-moulin-wantzenau\/receptions-seminaires.html\" \/>\n<meta property=\"og:locale\" content=\"fr_FR\" \/>\n<meta property=\"og:type\" content=\"article\" \/>\n<meta property=\"og:title\" content=\"R\u00e9ceptions S\u00e9minaires au Moulin de la Wantzenau\" \/>\n<meta property=\"og:description\" content=\"2 Tagunsr\u00e4ume mit Leinwand, flip-Chart, Projektor, Videoprojektor und W-Lan Anschluss stehen zur Verf\u00fcgung. Die Bestuhlung reicht von 2 - 25 Personen um\" \/>\n<meta property=\"og:url\" content=\"https:\/\/restauration.cloud0.sbg.meosis.fr\/restaurant-moulin-wantzenau\/receptions-seminaires.html\" \/>\n<meta property=\"og:site_name\" content=\"Restaurant Au Moulin\" \/>\n<meta property=\"article:modified_time\" content=\"2021-12-10T07:59:38+00:00\" \/>\n<meta property=\"og:image\" content=\"https:\/\/trello-attachments.s3.amazonaws.com\/51ad91a3572d3c620c00129f\/53c6370dc4e6957ce04c70f3\/250x250\/5cd9a9c407ca808150f2880018f5ec37\/avatar.jpg\" \/>\n<meta name=\"twitter:card\" content=\"summary_large_image\" \/>\n<meta name=\"twitter:label1\" content=\"Dur\u00e9e de lecture estim\u00e9e\" \/>\n\t<meta name=\"twitter:data1\" content=\"2 minutes\" \/>\n<script type=\"application\/ld+json\" class=\"yoast-schema-graph\">{\"@context\":\"https:\/\/schema.org\",\"@graph\":[{\"@type\":\"WebPage\",\"@id\":\"https:\/\/restauration.cloud0.sbg.meosis.fr\/restaurant-moulin-wantzenau\/receptions-seminaires.html\",\"url\":\"https:\/\/restauration.cloud0.sbg.meosis.fr\/restaurant-moulin-wantzenau\/receptions-seminaires.html\",\"name\":\"R\u00e9ceptions S\u00e9minaires au Moulin de la Wantzenau\",\"isPartOf\":{\"@id\":\"https:\/\/restauration.cloud0.sbg.meosis.fr\/restaurant-moulin-wantzenau\/#website\"},\"datePublished\":\"2014-08-28T14:48:58+00:00\",\"dateModified\":\"2021-12-10T07:59:38+00:00\",\"description\":\"2 Tagunsr\u00e4ume mit Leinwand, flip-Chart, Projektor, Videoprojektor und W-Lan Anschluss stehen zur Verf\u00fcgung. Die Bestuhlung reicht von 2 - 25 Personen um\",\"breadcrumb\":{\"@id\":\"https:\/\/restauration.cloud0.sbg.meosis.fr\/restaurant-moulin-wantzenau\/receptions-seminaires.html#breadcrumb\"},\"inLanguage\":\"fr-FR\",\"potentialAction\":[{\"@type\":\"ReadAction\",\"target\":[\"https:\/\/restauration.cloud0.sbg.meosis.fr\/restaurant-moulin-wantzenau\/receptions-seminaires.html\"]}]},{\"@type\":\"BreadcrumbList\",\"@id\":\"https:\/\/restauration.cloud0.sbg.meosis.fr\/restaurant-moulin-wantzenau\/receptions-seminaires.html#breadcrumb\",\"itemListElement\":[{\"@type\":\"ListItem\",\"position\":1,\"name\":\"Hotel Restaurant La Wantzenau\",\"item\":\"https:\/\/restauration.cloud0.sbg.meosis.fr\/restaurant-moulin-wantzenau\/\"},{\"@type\":\"ListItem\",\"position\":2,\"name\":\"R\u00e9ceptions S\u00e9minaires au Moulin de la Wantzenau\"}]},{\"@type\":\"WebSite\",\"@id\":\"https:\/\/restauration.cloud0.sbg.meosis.fr\/restaurant-moulin-wantzenau\/#website\",\"url\":\"https:\/\/restauration.cloud0.sbg.meosis.fr\/restaurant-moulin-wantzenau\/\",\"name\":\"Restaurant Au Moulin\",\"description\":\"Un site utilisant R\u00e9seau MeoRestauration\",\"potentialAction\":[{\"@type\":\"SearchAction\",\"target\":{\"@type\":\"EntryPoint\",\"urlTemplate\":\"https:\/\/restauration.cloud0.sbg.meosis.fr\/restaurant-moulin-wantzenau\/?s={search_term_string}\"},\"query-input\":\"required name=search_term_string\"}],\"inLanguage\":\"fr-FR\"}]}<\/script>\n<!-- \/ Yoast SEO plugin. -->","yoast_head_json":{"title":"R\u00e9ceptions S\u00e9minaires au Moulin de la Wantzenau","description":"2 Tagunsr\u00e4ume mit Leinwand, flip-Chart, Projektor, Videoprojektor und W-Lan Anschluss stehen zur Verf\u00fcgung. Die Bestuhlung reicht von 2 - 25 Personen um","robots":{"index":"index","follow":"follow","max-snippet":"max-snippet:-1","max-image-preview":"max-image-preview:large","max-video-preview":"max-video-preview:-1"},"canonical":"https:\/\/restauration.cloud0.sbg.meosis.fr\/restaurant-moulin-wantzenau\/receptions-seminaires.html","og_locale":"fr_FR","og_type":"article","og_title":"R\u00e9ceptions S\u00e9minaires au Moulin de la Wantzenau","og_description":"2 Tagunsr\u00e4ume mit Leinwand, flip-Chart, Projektor, Videoprojektor und W-Lan Anschluss stehen zur Verf\u00fcgung. Die Bestuhlung reicht von 2 - 25 Personen um","og_url":"https:\/\/restauration.cloud0.sbg.meosis.fr\/restaurant-moulin-wantzenau\/receptions-seminaires.html","og_site_name":"Restaurant Au Moulin","article_modified_time":"2021-12-10T07:59:38+00:00","og_image":[{"url":"https:\/\/trello-attachments.s3.amazonaws.com\/51ad91a3572d3c620c00129f\/53c6370dc4e6957ce04c70f3\/250x250\/5cd9a9c407ca808150f2880018f5ec37\/avatar.jpg"}],"twitter_card":"summary_large_image","twitter_misc":{"Dur\u00e9e de lecture estim\u00e9e":"2 minutes"},"schema":{"@context":"https:\/\/schema.org","@graph":[{"@type":"WebPage","@id":"https:\/\/restauration.cloud0.sbg.meosis.fr\/restaurant-moulin-wantzenau\/receptions-seminaires.html","url":"https:\/\/restauration.cloud0.sbg.meosis.fr\/restaurant-moulin-wantzenau\/receptions-seminaires.html","name":"R\u00e9ceptions S\u00e9minaires au Moulin de la Wantzenau","isPartOf":{"@id":"https:\/\/restauration.cloud0.sbg.meosis.fr\/restaurant-moulin-wantzenau\/#website"},"datePublished":"2014-08-28T14:48:58+00:00","dateModified":"2021-12-10T07:59:38+00:00","description":"2 Tagunsr\u00e4ume mit Leinwand, flip-Chart, Projektor, Videoprojektor und W-Lan Anschluss stehen zur Verf\u00fcgung. Die Bestuhlung reicht von 2 - 25 Personen um","breadcrumb":{"@id":"https:\/\/restauration.cloud0.sbg.meosis.fr\/restaurant-moulin-wantzenau\/receptions-seminaires.html#breadcrumb"},"inLanguage":"fr-FR","potentialAction":[{"@type":"ReadAction","target":["https:\/\/restauration.cloud0.sbg.meosis.fr\/restaurant-moulin-wantzenau\/receptions-seminaires.html"]}]},{"@type":"BreadcrumbList","@id":"https:\/\/restauration.cloud0.sbg.meosis.fr\/restaurant-moulin-wantzenau\/receptions-seminaires.html#breadcrumb","itemListElement":[{"@type":"ListItem","position":1,"name":"Hotel Restaurant La Wantzenau","item":"https:\/\/restauration.cloud0.sbg.meosis.fr\/restaurant-moulin-wantzenau\/"},{"@type":"ListItem","position":2,"name":"R\u00e9ceptions S\u00e9minaires au Moulin de la Wantzenau"}]},{"@type":"WebSite","@id":"https:\/\/restauration.cloud0.sbg.meosis.fr\/restaurant-moulin-wantzenau\/#website","url":"https:\/\/restauration.cloud0.sbg.meosis.fr\/restaurant-moulin-wantzenau\/","name":"Restaurant Au Moulin","description":"Un site utilisant R\u00e9seau MeoRestauration","potentialAction":[{"@type":"SearchAction","target":{"@type":"EntryPoint","urlTemplate":"https:\/\/restauration.cloud0.sbg.meosis.fr\/restaurant-moulin-wantzenau\/?s={search_term_string}"},"query-input":"required name=search_term_string"}],"inLanguage":"fr-FR"}]}},"acf":[],"_links":{"self":[{"href":"https:\/\/restauration.cloud0.sbg.meosis.fr\/restaurant-moulin-wantzenau\/wp-json\/wp\/v2\/pages\/10"}],"collection":[{"href":"https:\/\/restauration.cloud0.sbg.meosis.fr\/restaurant-moulin-wantzenau\/wp-json\/wp\/v2\/pages"}],"about":[{"href":"https:\/\/restauration.cloud0.sbg.meosis.fr\/restaurant-moulin-wantzenau\/wp-json\/wp\/v2\/types\/page"}],"author":[{"embeddable":true,"href":"https:\/\/restauration.cloud0.sbg.meosis.fr\/restaurant-moulin-wantzenau\/wp-json\/wp\/v2\/users\/1"}],"replies":[{"embeddable":true,"href":"https:\/\/restauration.cloud0.sbg.meosis.fr\/restaurant-moulin-wantzenau\/wp-json\/wp\/v2\/comments?post=10"}],"version-history":[{"count":0,"href":"https:\/\/restauration.cloud0.sbg.meosis.fr\/restaurant-moulin-wantzenau\/wp-json\/wp\/v2\/pages\/10\/revisions"}],"wp:attachment":[{"href":"https:\/\/restauration.cloud0.sbg.meosis.fr\/restaurant-moulin-wantzenau\/wp-json\/wp\/v2\/media?parent=10"}],"curies":[{"name":"wp","href":"https:\/\/api.w.org\/{rel}","templated":true}]}}