{"id":2,"date":"2016-10-21T14:01:58","date_gmt":"2016-10-21T13:01:58","guid":{"rendered":"http:\/\/restauration.cloud0.sbg.meosis.fr\/refonte-restaurant-auberge-du-moulin\/?page_id=2"},"modified":"2022-07-18T18:10:53","modified_gmt":"2022-07-18T17:10:53","slug":"accueil","status":"publish","type":"page","link":"https:\/\/restauration.cloud0.sbg.meosis.fr\/refonte-restaurant-auberge-du-moulin\/","title":{"rendered":"Restaurant \u00e0 Widensolen"},"content":{"rendered":"<p><!--more--><!--more-->9En 1995, l&rsquo;<strong>Auberge du Moulin<\/strong> ouvre ses portes. Construit \u00e0 l\u2019ext\u00e9rieur du village o\u00f9 le calme et la simplicit\u00e9 r\u00e8gnent, on trouve dans ce <a title=\"Restaurant Colmar\" href=\"http:\/\/www.restaurant-auberge-du-moulin.com\/articles\/restaurant-colmar-specialites-alsaciennes\">restaurant sur Colmar<\/a> une ambiance de d\u00e9tente o\u00f9 l&rsquo;on se sent bien.<br \/>\nLe chef et son \u00e9quipe vous proposent des plats traditionnels et r\u00e9gionaux de saison.<\/p>\n<p>En 2010, une v\u00e9randa a \u00e9t\u00e9 am\u00e9nag\u00e9e pour offrir aux clients une vue imprenable sur les Vosges tout au long de l&rsquo;ann\u00e9e.<br \/>\nEn \u00e9t\u00e9, une terrasse ombrag\u00e9e est dress\u00e9e pour une trentaine de couverts o\u00f9 le ruissellement de l&rsquo;eau de notre bassin vous bercera.<\/p>\n<p>Un grand parking priv\u00e9 est r\u00e9serv\u00e9 pour la client\u00e8le.<br \/>\nPour les enfants, un grand espace de jeux a \u00e9t\u00e9 mis en place avec toboggan et balan\u00e7oires.<\/p>\n<h2>Restaurant traditionnel sur Colmar : l&rsquo;Auberge du Moulin<\/h2>\n<p>Vous souhaitez d\u00e9jeuner ou bien d\u00eener dans un <strong>restaurant alsacien sur Colmar<\/strong> ?\u00a0Envie d&rsquo;une tarte flamb\u00e9e, d&rsquo;une choucroute alsacienne ou encore d&rsquo;un baeckeofe ?\u00a0Pour appr\u00e9cier et vous r\u00e9galer avec de<strong> succulentes sp\u00e9cialit\u00e9s r\u00e9gionales<\/strong>, vous serez combl\u00e9 \u00e0 l&rsquo;Auberge du Moulin. R\u00e9servez sans plus attendre votre table !<\/p>\n<p>La cuisine alsacienne est reconnue en France pour sa vari\u00e9t\u00e9, son authenticit\u00e9\u00a0et sa g\u00e9n\u00e9rosit\u00e9. C&rsquo;est ce que vous propose votre restaurant sur Colmar, l&rsquo;Auberge du Moulin, o\u00f9 vous pourrez d\u00e9couvrir ou red\u00e9couvrir les<strong> typiques plats locaux<\/strong> pour des \u00e9motions gourmandes garanties ! D\u00e9couvrez quelques-unes des sp\u00e9cialit\u00e9s propos\u00e9es par l&rsquo;\u00e9tablissement.<\/p>\n<p>Venez d\u00e9guster un plat mythique qu&rsquo;est le baeckeofe, un m\u00e9lange entre trois viandes (le boeuf, l&rsquo;agneau et le porc) mijot\u00e9 dans un vin blanc d&rsquo;Alsace avec des pommes de terre, des poireaux, des carottes, des\u00a0oignons et des \u00e9pices. Ce plat a su s&rsquo;imposer au fil des ann\u00e9es comme un mod\u00e8le de la gastronomie et de l&rsquo;art de vivre alsacien.\u00a0Et si choisissiez les fleischschnakas ? Il s&rsquo;agit d&rsquo;une p\u00e2te \u00e0 nouilles garnie d&rsquo;une farce de viande bouillie, un plat g\u00e9n\u00e9reux, un bonheur \u00e0 l&rsquo;\u00e9tat pur.<\/p>\n<p>Vous pourrez \u00e9galement choisir l&rsquo;incontournable tarte flamb\u00e9e (classique, gratin\u00e9e ou au munster pour les plus courageux) qui fait le bonheur de tous, des petits comme des plus grands !<\/p>\n<p>Nous vous invitons \u00e9galement \u00e0 partager votre avis sur notre <strong>restaurant traditionnel sur Colmar<\/strong>.<\/p>\n<p>Parcourez\u00a0d\u00e8s maintenant la <a title=\"La Carte de votre restaurant\" href=\"http:\/\/www.restaurant-auberge-du-moulin.com\/la-carte.html\">carte de votre restaurant<\/a>\u00a0et les vins propos\u00e9s.<\/p>\n<p>Vous pouvez aussi d\u00e9couvrir le menu du jour du restaurant.<\/p>\n<p style=\"text-align: center\"><strong>Venez profiter de nos soir\u00e9es \u00e0 th\u00e8me :\u00a0 Carpes frites \u00e0 volont\u00e9 !<\/strong> <a title=\"Soir\u00e9es \u00e0 th\u00e8mes \u00e0 l\u2019Auberge du Moulin\" href=\"http:\/\/www.restaurant-auberge-du-moulin.com\/soirees-themes.html\">En savoir plus<\/a>.<\/p>\n<p>L&rsquo;\u00e9quipe vous attend au plus vite !<\/p>\n","protected":false},"excerpt":{"rendered":"","protected":false},"author":11,"featured_media":0,"parent":0,"menu_order":0,"comment_status":"closed","ping_status":"closed","template":"","meta":[],"yoast_head":"<!-- This site is optimized with the Yoast SEO plugin v20.6 - https:\/\/yoast.com\/wordpress\/plugins\/seo\/ -->\n<title>Restaurant Widensolen \u203a Auberge du Moulin<\/title>\n<meta name=\"description\" content=\"L&#039;Auberge du Moulin vous accueille dans son restaurant \u00e0 Widensolen en Alsace pr\u00e8s de Colmar. D\u00e9couvrez ses sp\u00e9cialit\u00e9s alsaciennes.\" \/>\n<meta name=\"robots\" content=\"index, follow, max-snippet:-1, max-image-preview:large, max-video-preview:-1\" \/>\n<link rel=\"canonical\" href=\"https:\/\/restauration.cloud0.sbg.meosis.fr\/refonte-restaurant-auberge-du-moulin\/\" \/>\n<meta property=\"og:locale\" content=\"fr_FR\" \/>\n<meta property=\"og:type\" content=\"article\" \/>\n<meta property=\"og:title\" content=\"Restaurant Widensolen \u203a Auberge du Moulin\" \/>\n<meta property=\"og:description\" content=\"L&#039;Auberge du Moulin vous accueille dans son restaurant \u00e0 Widensolen en Alsace pr\u00e8s de Colmar. D\u00e9couvrez ses sp\u00e9cialit\u00e9s alsaciennes.\" \/>\n<meta property=\"og:url\" content=\"https:\/\/restauration.cloud0.sbg.meosis.fr\/refonte-restaurant-auberge-du-moulin\/\" \/>\n<meta property=\"og:site_name\" content=\"Auberge du Moulin\" \/>\n<meta property=\"article:modified_time\" content=\"2022-07-18T17:10:53+00:00\" \/>\n<meta property=\"og:image\" content=\"https:\/\/trello-attachments.s3.amazonaws.com\/54464e7fb994135c01142560\/250x250\/fbfe18cfa9b3f523ce36087efaeb6101\/avatar.jpg\" \/>\n<meta name=\"twitter:card\" content=\"summary_large_image\" \/>\n<meta name=\"twitter:label1\" content=\"Dur\u00e9e de lecture estim\u00e9e\" \/>\n\t<meta name=\"twitter:data1\" content=\"2 minutes\" \/>\n<script type=\"application\/ld+json\" class=\"yoast-schema-graph\">{\"@context\":\"https:\/\/schema.org\",\"@graph\":[{\"@type\":\"WebPage\",\"@id\":\"https:\/\/restauration.cloud0.sbg.meosis.fr\/refonte-restaurant-auberge-du-moulin\/\",\"url\":\"https:\/\/restauration.cloud0.sbg.meosis.fr\/refonte-restaurant-auberge-du-moulin\/\",\"name\":\"Restaurant Widensolen \u203a Auberge du Moulin\",\"isPartOf\":{\"@id\":\"https:\/\/restauration.cloud0.sbg.meosis.fr\/refonte-restaurant-auberge-du-moulin\/#website\"},\"datePublished\":\"2016-10-21T13:01:58+00:00\",\"dateModified\":\"2022-07-18T17:10:53+00:00\",\"description\":\"L'Auberge du Moulin vous accueille dans son restaurant \u00e0 Widensolen en Alsace pr\u00e8s de Colmar. D\u00e9couvrez ses sp\u00e9cialit\u00e9s alsaciennes.\",\"breadcrumb\":{\"@id\":\"https:\/\/restauration.cloud0.sbg.meosis.fr\/refonte-restaurant-auberge-du-moulin\/#breadcrumb\"},\"inLanguage\":\"fr-FR\",\"potentialAction\":[{\"@type\":\"ReadAction\",\"target\":[\"https:\/\/restauration.cloud0.sbg.meosis.fr\/refonte-restaurant-auberge-du-moulin\/\"]}]},{\"@type\":\"BreadcrumbList\",\"@id\":\"https:\/\/restauration.cloud0.sbg.meosis.fr\/refonte-restaurant-auberge-du-moulin\/#breadcrumb\",\"itemListElement\":[{\"@type\":\"ListItem\",\"position\":1,\"name\":\"Restaurant Widensolen\",\"item\":\"https:\/\/restauration.cloud0.sbg.meosis.fr\/refonte-restaurant-auberge-du-moulin\/\"},{\"@type\":\"ListItem\",\"position\":2,\"name\":\"Restaurant \u00e0 Widensolen\"}]},{\"@type\":\"WebSite\",\"@id\":\"https:\/\/restauration.cloud0.sbg.meosis.fr\/refonte-restaurant-auberge-du-moulin\/#website\",\"url\":\"https:\/\/restauration.cloud0.sbg.meosis.fr\/refonte-restaurant-auberge-du-moulin\/\",\"name\":\"Auberge du Moulin\",\"description\":\"Un site utilisant R\u00e9seau MeoRestauration\",\"potentialAction\":[{\"@type\":\"SearchAction\",\"target\":{\"@type\":\"EntryPoint\",\"urlTemplate\":\"https:\/\/restauration.cloud0.sbg.meosis.fr\/refonte-restaurant-auberge-du-moulin\/?s={search_term_string}\"},\"query-input\":\"required name=search_term_string\"}],\"inLanguage\":\"fr-FR\"}]}<\/script>\n<!-- \/ Yoast SEO plugin. -->","yoast_head_json":{"title":"Restaurant Widensolen \u203a Auberge du Moulin","description":"L'Auberge du Moulin vous accueille dans son restaurant \u00e0 Widensolen en Alsace pr\u00e8s de Colmar. D\u00e9couvrez ses sp\u00e9cialit\u00e9s alsaciennes.","robots":{"index":"index","follow":"follow","max-snippet":"max-snippet:-1","max-image-preview":"max-image-preview:large","max-video-preview":"max-video-preview:-1"},"canonical":"https:\/\/restauration.cloud0.sbg.meosis.fr\/refonte-restaurant-auberge-du-moulin\/","og_locale":"fr_FR","og_type":"article","og_title":"Restaurant Widensolen \u203a Auberge du Moulin","og_description":"L'Auberge du Moulin vous accueille dans son restaurant \u00e0 Widensolen en Alsace pr\u00e8s de Colmar. D\u00e9couvrez ses sp\u00e9cialit\u00e9s alsaciennes.","og_url":"https:\/\/restauration.cloud0.sbg.meosis.fr\/refonte-restaurant-auberge-du-moulin\/","og_site_name":"Auberge du Moulin","article_modified_time":"2022-07-18T17:10:53+00:00","og_image":[{"url":"https:\/\/trello-attachments.s3.amazonaws.com\/54464e7fb994135c01142560\/250x250\/fbfe18cfa9b3f523ce36087efaeb6101\/avatar.jpg"}],"twitter_card":"summary_large_image","twitter_misc":{"Dur\u00e9e de lecture estim\u00e9e":"2 minutes"},"schema":{"@context":"https:\/\/schema.org","@graph":[{"@type":"WebPage","@id":"https:\/\/restauration.cloud0.sbg.meosis.fr\/refonte-restaurant-auberge-du-moulin\/","url":"https:\/\/restauration.cloud0.sbg.meosis.fr\/refonte-restaurant-auberge-du-moulin\/","name":"Restaurant Widensolen \u203a Auberge du Moulin","isPartOf":{"@id":"https:\/\/restauration.cloud0.sbg.meosis.fr\/refonte-restaurant-auberge-du-moulin\/#website"},"datePublished":"2016-10-21T13:01:58+00:00","dateModified":"2022-07-18T17:10:53+00:00","description":"L'Auberge du Moulin vous accueille dans son restaurant \u00e0 Widensolen en Alsace pr\u00e8s de Colmar. D\u00e9couvrez ses sp\u00e9cialit\u00e9s alsaciennes.","breadcrumb":{"@id":"https:\/\/restauration.cloud0.sbg.meosis.fr\/refonte-restaurant-auberge-du-moulin\/#breadcrumb"},"inLanguage":"fr-FR","potentialAction":[{"@type":"ReadAction","target":["https:\/\/restauration.cloud0.sbg.meosis.fr\/refonte-restaurant-auberge-du-moulin\/"]}]},{"@type":"BreadcrumbList","@id":"https:\/\/restauration.cloud0.sbg.meosis.fr\/refonte-restaurant-auberge-du-moulin\/#breadcrumb","itemListElement":[{"@type":"ListItem","position":1,"name":"Restaurant Widensolen","item":"https:\/\/restauration.cloud0.sbg.meosis.fr\/refonte-restaurant-auberge-du-moulin\/"},{"@type":"ListItem","position":2,"name":"Restaurant \u00e0 Widensolen"}]},{"@type":"WebSite","@id":"https:\/\/restauration.cloud0.sbg.meosis.fr\/refonte-restaurant-auberge-du-moulin\/#website","url":"https:\/\/restauration.cloud0.sbg.meosis.fr\/refonte-restaurant-auberge-du-moulin\/","name":"Auberge du Moulin","description":"Un site utilisant R\u00e9seau MeoRestauration","potentialAction":[{"@type":"SearchAction","target":{"@type":"EntryPoint","urlTemplate":"https:\/\/restauration.cloud0.sbg.meosis.fr\/refonte-restaurant-auberge-du-moulin\/?s={search_term_string}"},"query-input":"required name=search_term_string"}],"inLanguage":"fr-FR"}]}},"acf":[],"_links":{"self":[{"href":"https:\/\/restauration.cloud0.sbg.meosis.fr\/refonte-restaurant-auberge-du-moulin\/wp-json\/wp\/v2\/pages\/2"}],"collection":[{"href":"https:\/\/restauration.cloud0.sbg.meosis.fr\/refonte-restaurant-auberge-du-moulin\/wp-json\/wp\/v2\/pages"}],"about":[{"href":"https:\/\/restauration.cloud0.sbg.meosis.fr\/refonte-restaurant-auberge-du-moulin\/wp-json\/wp\/v2\/types\/page"}],"author":[{"embeddable":true,"href":"https:\/\/restauration.cloud0.sbg.meosis.fr\/refonte-restaurant-auberge-du-moulin\/wp-json\/wp\/v2\/users\/11"}],"replies":[{"embeddable":true,"href":"https:\/\/restauration.cloud0.sbg.meosis.fr\/refonte-restaurant-auberge-du-moulin\/wp-json\/wp\/v2\/comments?post=2"}],"version-history":[{"count":47,"href":"https:\/\/restauration.cloud0.sbg.meosis.fr\/refonte-restaurant-auberge-du-moulin\/wp-json\/wp\/v2\/pages\/2\/revisions"}],"predecessor-version":[{"id":2314,"href":"https:\/\/restauration.cloud0.sbg.meosis.fr\/refonte-restaurant-auberge-du-moulin\/wp-json\/wp\/v2\/pages\/2\/revisions\/2314"}],"wp:attachment":[{"href":"https:\/\/restauration.cloud0.sbg.meosis.fr\/refonte-restaurant-auberge-du-moulin\/wp-json\/wp\/v2\/media?parent=2"}],"curies":[{"name":"wp","href":"https:\/\/api.w.org\/{rel}","templated":true}]}}